{"id":10734,"date":"2022-01-05T15:39:01","date_gmt":"2022-01-05T15:39:01","guid":{"rendered":"https:\/\/www.ringette.ca\/equipe-canada-de-ringuette\/la-releve-programme-national-de-developpement-des-moins-de-17-ans-u17\/"},"modified":"2024-02-29T17:51:01","modified_gmt":"2024-02-29T17:51:01","slug":"la-releve-programme-national-de-developpement-des-moins-de-17-ans-u17","status":"publish","type":"page","link":"https:\/\/www.ringette.ca\/fr\/athletes\/equipe-canada\/la-releve-programme-national-de-developpement-des-moins-de-17-ans-u17\/","title":{"rendered":"La Rel\u00e8ve &#8211; Programme national de d\u00e9veloppement des moins de 17 ans (U17)"},"content":{"rendered":"\n\n\t\t\t\t<img decoding=\"async\" src=\"https:\/\/www.ringette.ca\/wp-content\/uploads\/2022\/01\/headers-lareleve.jpg\" alt=\"headers-lareleve\" itemprop=\"image\" height=\"1080\" width=\"1920\" title=\"headers-lareleve\" onerror=\"this.style.display='none'\"  \/>\n\n\t<h2>Faites passer votre jeu au niveau sup\u00e9rieur<\/h2>\n<p>Le programme \u00abLa Rel\u00e8ve\u00bb de Ringuette Canada sert de point d&rsquo;entr\u00e9e dans le cheminement de haute performance pour les athl\u00e8tes.<\/p>\n<p>Cet \u00e9v\u00e9nement annuel permet aux athl\u00e8tes de moins de 16 ans\u00a0 qui passent dans la cat\u00e9gorie sup\u00e9rieure de prendre part \u00e0 un environnement de haute performance.<\/p>\n<p>L&rsquo;objectif est de pr\u00e9senter aux joueur\u00b7euse\u00b7s les attentes et le mode de vie d&rsquo;an athl\u00e8te de haut niveau.<\/p>\n<p>&nbsp;<\/p>\n\n","protected":false},"excerpt":{"rendered":"<p>Faites passer votre jeu au niveau sup\u00e9rieur Le programme \u00abLa Rel\u00e8ve\u00bb de Ringuette Canada sert de point d&rsquo;entr\u00e9e dans le cheminement de haute performance pour les athl\u00e8tes. Cet \u00e9v\u00e9nement annuel permet aux athl\u00e8tes de moins de 16 ans\u00a0 qui passent dans la cat\u00e9gorie sup\u00e9rieure de prendre part \u00e0 un environnement de haute performance. L&rsquo;objectif est&hellip;<\/p>\n","protected":false},"author":2,"featured_media":0,"parent":10723,"menu_order":0,"comment_status":"closed","ping_status":"closed","template":"","meta":{"_acf_changed":false,"inline_featured_image":false,"footnotes":""},"class_list":["post-10734","page","type-page","status-publish","hentry"],"acf":[],"_links":{"self":[{"href":"https:\/\/www.ringette.ca\/fr\/wp-json\/wp\/v2\/pages\/10734","targetHints":{"allow":["GET"]}}],"collection":[{"href":"https:\/\/www.ringette.ca\/fr\/wp-json\/wp\/v2\/pages"}],"about":[{"href":"https:\/\/www.ringette.ca\/fr\/wp-json\/wp\/v2\/types\/page"}],"author":[{"embeddable":true,"href":"https:\/\/www.ringette.ca\/fr\/wp-json\/wp\/v2\/users\/2"}],"replies":[{"embeddable":true,"href":"https:\/\/www.ringette.ca\/fr\/wp-json\/wp\/v2\/comments?post=10734"}],"version-history":[{"count":0,"href":"https:\/\/www.ringette.ca\/fr\/wp-json\/wp\/v2\/pages\/10734\/revisions"}],"up":[{"embeddable":true,"href":"https:\/\/www.ringette.ca\/fr\/wp-json\/wp\/v2\/pages\/10723"}],"wp:attachment":[{"href":"https:\/\/www.ringette.ca\/fr\/wp-json\/wp\/v2\/media?parent=10734"}],"curies":[{"name":"wp","href":"https:\/\/api.w.org\/{rel}","templated":true}]}}