{"id":10744,"date":"2022-01-05T16:19:50","date_gmt":"2022-01-05T16:19:50","guid":{"rendered":"https:\/\/www.ringette.ca\/ligue-nationale-de-ringuette\/"},"modified":"2025-10-15T20:01:38","modified_gmt":"2025-10-15T20:01:38","slug":"ligue-nationale-de-ringuette","status":"publish","type":"page","link":"https:\/\/www.ringette.ca\/fr\/athletes\/ligue-nationale-de-ringuette\/","title":{"rendered":"Ligue nationale <span>de ringuette<\/span>"},"content":{"rendered":"\n\n\t\t\t\t<img decoding=\"async\" src=\"https:\/\/www.ringette.ca\/wp-content\/uploads\/2022\/02\/9-nrl.jpg\" alt=\"9-nrl\" itemprop=\"image\" height=\"957\" width=\"1920\" title=\"9-nrl\" onerror=\"this.style.display='none'\" loading='lazy' \/>\n\n\t<h2>Viser l&rsquo;excellence au niveau national<\/h2>\n\t<p>La Ligue nationale de ringuette (LNR) est la ligue de haut niveau de notre sport. En tant que ligue de Ringuette Canada comptant de 14 \u00e9quipes dans tout le pays, la LNR offre aux athl\u00e8tes de nombreuses occasions de briller.<\/p>\n<p>Pour plus d&rsquo;informations sur la LNR, y compris les calendriers, les statistiques, la composition des \u00e9quipes et les profils des athl\u00e8tes, veuillez consulter leur site web.<\/p>\n<p>&nbsp;<\/p>\n\t\t\t<a href=\"https:\/\/nationalringetteleague.ca\/\" target=\"_self\">\n\t\t\t\t\t\t\tSite Web de la LNR\n\t\t\t\t\t<\/a>\n\t\t\t<a href=\"https:\/\/nationalringetteleague.ca\/content\/where-to-watch----o-regarder\" target=\"_self\">\n\t\t\t\t\t\t\tRegarder la LNR\n\t\t\t\t\t<\/a>\n\t\t\t<a href=\"https:\/\/ringette-canada.myshopify.com\/collections\/national-ringette-league\" target=\"_self\">\n\t\t\t\t\t\t\tBoutique LNR\n\t\t\t\t\t<\/a>\n\t\t\t\t<img decoding=\"async\" src=\"https:\/\/www.ringette.ca\/wp-content\/uploads\/2022\/01\/nrl.svg\" alt=\"nrl\" itemprop=\"image\" height=\"381\" width=\"345\" title=\"nrl\" onerror=\"this.style.display='none'\" loading='lazy' \/>\n\n\t<h2><b>\u00c0 propos de la ligue<\/b><\/h2>\n<p>La Ligue nationale de ringuette a \u00e9t\u00e9 fond\u00e9e en 2002, \u00e0 la suite des succ\u00e8s remport\u00e9s par \u00c9quipe Canada au Championnat du monde de ringuette \u00e0 Edmonton, en Alberta. La ligue a donn\u00e9 le coup d&rsquo;envoi de sa premi\u00e8re saison officielle en novembre 2004, avec 17 \u00e9quipes r\u00e9parties dans trois divisions.<\/p>\n<p>Au fil des ans, l&#8217;emplacement des \u00e9quipes a \u00e9volu\u00e9 pour r\u00e9pondre aux besoins des athl\u00e8tes de moins de 19 ans qui obtiennent leur dipl\u00f4me. Plus de 30 \u00e9quipes ont particip\u00e9 aux comp\u00e9titions de la LNR depuis sa cr\u00e9ation.<\/p>\n<p>Pour la saison 2025-26, il y aura 14 \u00e9quipes r\u00e9parties en deux divisions &#8211; sept \u00e0 l&rsquo;Est et sept \u00e0 l&rsquo;Ouest. Les \u00e9quipes disputent une saison r\u00e9guli\u00e8re de 24 parties en format \u00ab Hub \u00bb, qui voit un certain nombre d&rsquo;\u00e9quipes se rendre \u00e0 un endroit pour disputer plusieurs parties au cours d&rsquo;un week-end. \u00c0 la fin de la saison, les \u00e9quipes se rendent au Championnat canadien de ringuette pour se disputer la Coupe Mary May Simon.<\/p>\n\t\t\t\t<img decoding=\"async\" src=\"https:\/\/www.ringette.ca\/wp-content\/uploads\/2021\/12\/37387861310_3b8f537f60_6k.jpg\" alt=\"37387861310_3b8f537f60_6k\" itemprop=\"image\" height=\"1280\" width=\"1920\" title=\"37387861310_3b8f537f60_6k\" onerror=\"this.style.display='none'\" loading='lazy' \/>\n\t<h2>\u00c9quipes de la LNR 2025-26<\/h2>\n\t\t\t\t<a href=\"https:\/\/www.instagram.com\/atlanticattack\/\"  target=\"_self\" itemprop=\"url\">\n\t\t\t\t<img decoding=\"async\" src=\"https:\/\/www.ringette.ca\/wp-content\/uploads\/2025\/10\/ATTACK.jpg\" alt=\"Atlantic Attack (Dieppe, NB)\" itemprop=\"image\" height=\"1080\" width=\"1080\" title=\"ATTACK\" onerror=\"this.style.display='none'\" loading='lazy' \/>\n\t\t\t\t<\/a>\n\t\t\t\t\t\tAtlantic Attack (Dieppe, NB)\n\t\t\t\t<a href=\"https:\/\/www.instagram.com\/bcthundernrl\/\"  target=\"_self\" itemprop=\"url\">\n\t\t\t\t<img decoding=\"async\" src=\"https:\/\/www.ringette.ca\/wp-content\/uploads\/2025\/10\/THUNDER.jpg\" alt=\"BC Thunder (Port Coquitlam, BC)\" itemprop=\"image\" height=\"1080\" width=\"1080\" title=\"THUNDER\" onerror=\"this.style.display='none'\" loading='lazy' \/>\n\t\t\t\t<\/a>\n\t\t\t\t\t\tBC Thunder (Port Coquitlam, BC)\n\t\t\t\t<a href=\"https:\/\/www.instagram.com\/calgaryrath\/\"  target=\"_self\" itemprop=\"url\">\n\t\t\t\t<img decoding=\"async\" src=\"https:\/\/www.ringette.ca\/wp-content\/uploads\/2025\/10\/RATH.jpg\" alt=\"Calgary RATH (Calgary, AB)\" itemprop=\"image\" height=\"1080\" width=\"1080\" title=\"RATH\" onerror=\"this.style.display='none'\" loading='lazy' \/>\n\t\t\t\t<\/a>\n\t\t\t\t\t\tCalgary RATH (Calgary, AB)\n\t\t\t\t<a href=\"https:\/\/www.instagram.com\/cambridgeturbos\/\"  target=\"_self\" itemprop=\"url\">\n\t\t\t\t<img decoding=\"async\" src=\"https:\/\/www.ringette.ca\/wp-content\/uploads\/2025\/10\/TURBOS.jpg\" alt=\"Cambridge Turbos (Cambridge, ON)\" itemprop=\"image\" height=\"1080\" width=\"1080\" title=\"TURBOS\" onerror=\"this.style.display='none'\" loading='lazy' \/>\n\t\t\t\t<\/a>\n\t\t\t\t\t\tCambridge Turbos (Cambridge, ON)\n\t\t\t\t<a href=\"https:\/\/www.instagram.com\/capitalsnrl\/\"  target=\"_self\" itemprop=\"url\">\n\t\t\t\t<img decoding=\"async\" src=\"https:\/\/www.ringette.ca\/wp-content\/uploads\/2025\/10\/CAPITALS.jpg\" alt=\"Eastern Ontario Capitals (Ottawa, ON)\" itemprop=\"image\" height=\"1080\" width=\"1080\" title=\"CAPITALS\" onerror=\"this.style.display='none'\" loading='lazy' \/>\n\t\t\t\t<\/a>\n\t\t\t\t\t\tEastern Ontario Capitals (Ottawa, ON)\n\t\t\t\t<a href=\"https:\/\/www.instagram.com\/nrlrush\/\"  target=\"_self\" itemprop=\"url\">\n\t\t\t\t<img decoding=\"async\" src=\"https:\/\/www.ringette.ca\/wp-content\/uploads\/2025\/10\/RUSH.jpg\" alt=\"Edmonton RUSH (Edmonton, AB)\" itemprop=\"image\" height=\"1080\" width=\"1080\" title=\"RUSH\" onerror=\"this.style.display='none'\" loading='lazy' \/>\n\t\t\t\t<\/a>\n\t\t\t\t\t\tEdmonton RUSH (Edmonton, AB)\n\t\t\t\t<a href=\"https:\/\/www.instagram.com\/edmonton_wam\/\"  target=\"_self\" itemprop=\"url\">\n\t\t\t\t<img decoding=\"async\" src=\"https:\/\/www.ringette.ca\/wp-content\/uploads\/2025\/10\/WAM-1.jpg\" alt=\"WAM!\" itemprop=\"image\" height=\"1080\" width=\"1080\" title=\"WAM!\" onerror=\"this.style.display='none'\" loading='lazy' \/>\n\t\t\t\t<\/a>\n\t\t\t\t<a href=\"https:\/\/www.instagram.com\/fusiongatineau\/\"  target=\"_self\" itemprop=\"url\">\n\t\t\t\t<img decoding=\"async\" src=\"https:\/\/www.ringette.ca\/wp-content\/uploads\/2025\/10\/FUSION.jpg\" alt=\"Gatineau Fusion (Gatineau, QC)\" itemprop=\"image\" height=\"1080\" width=\"1080\" title=\"FUSION\" onerror=\"this.style.display='none'\" loading='lazy' \/>\n\t\t\t\t<\/a>\n\t\t\t\t\t\tGatineau Fusion (Gatineau, QC)\n\t\t\t\t<a href=\"https:\/\/www.instagram.com\/manitobaherd.nrl\/\"  target=\"_self\" itemprop=\"url\">\n\t\t\t\t<img decoding=\"async\" src=\"https:\/\/www.ringette.ca\/wp-content\/uploads\/2025\/10\/HERD.jpg\" alt=\"Manitoba Herd (Winnipeg, MB)\" itemprop=\"image\" height=\"1080\" width=\"1080\" title=\"HERD\" onerror=\"this.style.display='none'\" loading='lazy' \/>\n\t\t\t\t<\/a>\n\t\t\t\t\t\tManitoba Herd (Winnipeg, MB)\n\t\t\t\t<a href=\"https:\/\/www.instagram.com\/montrealmission_nrl\/\"  target=\"_self\" itemprop=\"url\">\n\t\t\t\t<img decoding=\"async\" src=\"https:\/\/www.ringette.ca\/wp-content\/uploads\/2025\/10\/MISSION.jpg\" alt=\"Montreal Mission (Montreal, QC)\" itemprop=\"image\" height=\"1080\" width=\"1080\" title=\"MISSION\" onerror=\"this.style.display='none'\" loading='lazy' \/>\n\t\t\t\t<\/a>\n\t\t\t\t\t\tMontreal Mission (Montreal, QC)\n\t\t\t\t<a href=\"https:\/\/www.instagram.com\/rivesudlnr\/\"  target=\"_self\" itemprop=\"url\">\n\t\t\t\t<img decoding=\"async\" src=\"https:\/\/www.ringette.ca\/wp-content\/uploads\/2025\/10\/REVOLUTION.jpg\" alt=\"Rive-Sud Revolution (Montreal, QC)\" itemprop=\"image\" height=\"1080\" width=\"1080\" title=\"REVOLUTION\" onerror=\"this.style.display='none'\" loading='lazy' \/>\n\t\t\t\t<\/a>\n\t\t\t\t\t\tRive-Sud Revolution (Montreal, QC)\n\t\t\t\t<a href=\"https:\/\/www.instagram.com\/rockymountainrage\/\"  target=\"_self\" itemprop=\"url\">\n\t\t\t\t<img decoding=\"async\" src=\"https:\/\/www.ringette.ca\/wp-content\/uploads\/2025\/10\/RAGE.jpg\" alt=\"Rocky Mountain Rage (Cochrane, AB)\" itemprop=\"image\" height=\"1080\" width=\"1080\" title=\"RAGE\" onerror=\"this.style.display='none'\" loading='lazy' \/>\n\t\t\t\t<\/a>\n\t\t\t\t\t\tRocky Mountain Rage (Cochrane, AB)\n\t\t\t\t<a href=\"https:\/\/www.instagram.com\/saskheatnrl\/\"  target=\"_self\" itemprop=\"url\">\n\t\t\t\t<img decoding=\"async\" src=\"https:\/\/www.ringette.ca\/wp-content\/uploads\/2025\/10\/HEAT.jpg\" alt=\"Saskatchewan Heat (Regina, SK)\" itemprop=\"image\" height=\"1080\" width=\"1080\" title=\"HEAT\" onerror=\"this.style.display='none'\" loading='lazy' \/>\n\t\t\t\t<\/a>\n\t\t\t\t\t\tSaskatchewan Heat (Regina, SK)\n\t\t\t\t<a href=\"https:\/\/www.instagram.com\/waterloowildfire_nrl\/\"  target=\"_self\" itemprop=\"url\">\n\t\t\t\t<img decoding=\"async\" src=\"https:\/\/www.ringette.ca\/wp-content\/uploads\/2025\/10\/WILDFIRE.jpg\" alt=\"Waterloo Wildfire (Waterloo, ON)\" itemprop=\"image\" height=\"1080\" width=\"1080\" title=\"WILDFIRE\" onerror=\"this.style.display='none'\" loading='lazy' \/>\n\t\t\t\t<\/a>\n\t\t\t\t\t\tWaterloo Wildfire (Waterloo, ON)\n\n","protected":false},"excerpt":{"rendered":"<p>Viser l&rsquo;excellence au niveau national La Ligue nationale de ringuette (LNR) est la ligue de haut niveau de notre sport. En tant que ligue de Ringuette Canada comptant de 14 \u00e9quipes dans tout le pays, la LNR offre aux athl\u00e8tes de nombreuses occasions de briller. Pour plus d&rsquo;informations sur la LNR, y compris les calendriers,&hellip;<\/p>\n","protected":false},"author":2,"featured_media":0,"parent":13417,"menu_order":2,"comment_status":"closed","ping_status":"closed","template":"","meta":{"_acf_changed":false,"inline_featured_image":false,"footnotes":""},"class_list":["post-10744","page","type-page","status-publish","hentry"],"acf":[],"_links":{"self":[{"href":"https:\/\/www.ringette.ca\/fr\/wp-json\/wp\/v2\/pages\/10744","targetHints":{"allow":["GET"]}}],"collection":[{"href":"https:\/\/www.ringette.ca\/fr\/wp-json\/wp\/v2\/pages"}],"about":[{"href":"https:\/\/www.ringette.ca\/fr\/wp-json\/wp\/v2\/types\/page"}],"author":[{"embeddable":true,"href":"https:\/\/www.ringette.ca\/fr\/wp-json\/wp\/v2\/users\/2"}],"replies":[{"embeddable":true,"href":"https:\/\/www.ringette.ca\/fr\/wp-json\/wp\/v2\/comments?post=10744"}],"version-history":[{"count":0,"href":"https:\/\/www.ringette.ca\/fr\/wp-json\/wp\/v2\/pages\/10744\/revisions"}],"up":[{"embeddable":true,"href":"https:\/\/www.ringette.ca\/fr\/wp-json\/wp\/v2\/pages\/13417"}],"wp:attachment":[{"href":"https:\/\/www.ringette.ca\/fr\/wp-json\/wp\/v2\/media?parent=10744"}],"curies":[{"name":"wp","href":"https:\/\/api.w.org\/{rel}","templated":true}]}}