{"id":119863,"date":"2025-10-21T14:45:37","date_gmt":"2025-10-21T14:45:37","guid":{"rendered":"https:\/\/www.ringette.ca\/?page_id=119863"},"modified":"2025-11-28T15:10:56","modified_gmt":"2025-11-28T15:10:56","slug":"faites-un-don","status":"publish","type":"page","link":"https:\/\/www.ringette.ca\/fr\/faites-un-don\/","title":{"rendered":"Faites un don"},"content":{"rendered":"\n\n\t<h1><b>Joignez-vous \u00e0 nous pour b\u00e2tir l&rsquo;excellence dans le domaine de la ringuette canadienne, du <\/b><b>financement des \u00e9quipes nationales \u00e0 l&rsquo;ouverture de portes pour les jeunes de tout le pays.<\/b><\/h1>\n\t<h3>Ringuette Canada s&rsquo;est associ\u00e9 \u00e0 Canada Helps afin de faciliter plus que jamais<\/h3>\n<h3>le soutien \u00e0 nos athl\u00e8tes.<\/h3>\n\t\t\t<a href=\"https:\/\/www.canadahelps.org\/en\/charities\/ringette-canada\/\" target=\"_blank\" rel=\"noopener\">\n\t\t\t\t\t\t\tFaites un don\n\t\t\t\t\t<\/a>\n\t<p><b><strong>SOUTIEN RENFORC\u00c9 \u00c0 L&rsquo;\u00c9QUIPE NATIONALE<\/strong><\/b><\/p>\n<p>Renforcer notre syst\u00e8me d&rsquo;\u00e9quipes nationales, des \u00e9quipes juniors aux \u00e9quipes seniors, gr\u00e2ce \u00e0 des ressources d&rsquo;entra\u00eenement et des opportunit\u00e9s de comp\u00e9tition de classe mondiale.<\/p>\n\t<p><b><strong>RINGETTE \u00c0 LA BASE<\/strong><\/b><\/p>\n<p>Veiller \u00e0 ce que les jeunes Canadiens aient la possibilit\u00e9 de pratiquer la ringuette gr\u00e2ce \u00e0 des initiatives communautaires qui r\u00e9duisent les obstacles \u00e0 l&rsquo;acc\u00e8s \u00e0 ce sport.<\/p>\n\t<p><b><strong>LIGUE NATIONALE DE RINGUETTE<\/strong><\/b><\/p>\n<p>Votre investissement alimente les r\u00eaves, stimule l&rsquo;excellence et contribue \u00e0 \u00e9crire le prochain chapitre du sport canadien, un chapitre o\u00f9 les athl\u00e8tes f\u00e9minines se voient offrir la place qu&rsquo;elles m\u00e9ritent depuis longtemps.<\/p>\n\t<h2><b>Votre g\u00e9n\u00e9rosit\u00e9 aura un impact direct sur la vie des athl\u00e8tes et des communaut\u00e9s \u00e0 travers le pays, garantissant ainsi que la ringuette au Canada continue de cro\u00eetre et de prosp\u00e9rer.<\/b><\/h2>\n\t\t\t<a href=\"https:\/\/www.canadahelps.org\/en\/charities\/ringette-canada\/\" target=\"_blank\" rel=\"noopener\">\n\t\t\t\t\t\t\tFaites un don\n\t\t\t\t\t<\/a>\n\n","protected":false},"excerpt":{"rendered":"<p>Joignez-vous \u00e0 nous pour b\u00e2tir l&rsquo;excellence dans le domaine de la ringuette canadienne, du financement des \u00e9quipes nationales \u00e0 l&rsquo;ouverture de portes pour les jeunes de tout le pays. Ringuette Canada s&rsquo;est associ\u00e9 \u00e0 Canada Helps afin de faciliter plus que jamais le soutien \u00e0 nos athl\u00e8tes. Faites un don SOUTIEN RENFORC\u00c9 \u00c0 L&rsquo;\u00c9QUIPE NATIONALE&hellip;<\/p>\n","protected":false},"author":4,"featured_media":0,"parent":0,"menu_order":0,"comment_status":"closed","ping_status":"closed","template":"","meta":{"_acf_changed":false,"inline_featured_image":false,"footnotes":""},"class_list":["post-119863","page","type-page","status-publish","hentry"],"acf":[],"_links":{"self":[{"href":"https:\/\/www.ringette.ca\/fr\/wp-json\/wp\/v2\/pages\/119863","targetHints":{"allow":["GET"]}}],"collection":[{"href":"https:\/\/www.ringette.ca\/fr\/wp-json\/wp\/v2\/pages"}],"about":[{"href":"https:\/\/www.ringette.ca\/fr\/wp-json\/wp\/v2\/types\/page"}],"author":[{"embeddable":true,"href":"https:\/\/www.ringette.ca\/fr\/wp-json\/wp\/v2\/users\/4"}],"replies":[{"embeddable":true,"href":"https:\/\/www.ringette.ca\/fr\/wp-json\/wp\/v2\/comments?post=119863"}],"version-history":[{"count":0,"href":"https:\/\/www.ringette.ca\/fr\/wp-json\/wp\/v2\/pages\/119863\/revisions"}],"wp:attachment":[{"href":"https:\/\/www.ringette.ca\/fr\/wp-json\/wp\/v2\/media?parent=119863"}],"curies":[{"name":"wp","href":"https:\/\/api.w.org\/{rel}","templated":true}]}}