{"id":13453,"date":"2022-01-06T15:00:14","date_gmt":"2022-01-06T15:00:14","guid":{"rendered":"https:\/\/www.ringette.ca\/informations-pour-les-medias-sur-la-ringuette\/"},"modified":"2025-05-14T19:24:57","modified_gmt":"2025-05-14T19:24:57","slug":"informations-pour-les-medias-sur-la-ringuette","status":"publish","type":"page","link":"https:\/\/www.ringette.ca\/fr\/nouvelles\/informations-pour-les-medias-sur-la-ringuette\/","title":{"rendered":"Informations pour les m\u00e9dias sur la ringuette"},"content":{"rendered":"\n\n\t<p>La ringuette est un sport canadien passionnant qui fait souvent l&rsquo;objet de reportages dans les principales publications d&rsquo;information et sur les r\u00e9seaux de t\u00e9l\u00e9vision tels que le Globe and Mail, le National Post, la CBC et Global TV.<\/p>\n<p>Chaque ann\u00e9e, Ringuette Canada organise et fait la promotion de plusieurs \u00e9v\u00e9nements de ringuette dans tout le pays. Si vous \u00eates membre des m\u00e9dias et que vous souhaitez vous renseigner sur un \u00e9v\u00e9nement ou un autre sujet li\u00e9 \u00e0 la ringuette, veuillez contacter ringuette@ringuette.ca.<\/p>\n<h2>Ringuette Canada peut aider les m\u00e9dias en<\/h2>\n<ul>\n<li>leur sugg\u00e9rant des id\u00e9es d&rsquo;articles;<\/li>\n<li>coordonnant les entretiens avec les athl\u00e8tes, les entra\u00eeneur\u00b7e\u00b7s et les officiel\u00b7le\u00b7s;<\/li>\n<li>fournissant des privil\u00e8ges dans les coulisses;<\/li>\n<li>partageant des informations de base sur notre sport.<\/li>\n<\/ul>\n\t<h2>Regardez Rick Mercer, de la CBC, essayer la ringuette.<\/h2>\n<lite-youtube params=\"modestbranding=1&#038;rel=0&#038;autoplay=1&#038;loop=1&#038;enablejsapi=1\" videoid=\"xFAKtHFswx0\"><\/lite-youtube>\n\t<h2>Utilisation du logo de Ringuette Canada<\/h2>\n<p>Pour obtenir des informations sur l&rsquo;utilisation du logo de Ringuette Canada, veuillez <a href=\"https:\/\/www.ringette.ca\/wp-content\/uploads\/policies\/Politique-relative-au-logo.pdf\">lire notre politique en mati\u00e8re de logo<\/a> et envoyer vos demandes d&rsquo;utilisation \u00e0 ringuette@ringuette.ca.<\/p>\n<h2>Restez au courant de l&rsquo;actualit\u00e9 de ringuette<\/h2>\n<p>Inscrivez-vous \u00e0 notre bulletin d&rsquo;information pour recevoir des mises \u00e0 jour sur la ringuette.<\/p>\n<div class=\"footer-newsletter\">\n\t\t\t\n\t<!-- Begin MailChimp Signup Form -->\n\t<div id=\"mc_embed_signup\">\n\t<form action=\"\/\/ringette.us10.list-manage.com\/subscribe\/post?u=f9ac97f493da3c5082d0d6c33&amp;id=1a87584780\" method=\"post\" id=\"mc-embedded-subscribe-form\" name=\"mc-embedded-subscribe-form\" class=\"validate\" target=\"_blank\" novalidate>\n\t\t<div id=\"mc_embed_signup_scroll\">\n\t<div class=\"indicates-required\"><span class=\"asterisk\">*<\/span>renseignement obligatoire <\/div>\n\t<div class=\"mc-field-group\">\n\t\t<br>\n\t\t<label for=\"mce-EMAIL\">Adresse de courriel <span class=\"asterisk\">*<\/span>\n\t<\/label>\n\t\t<input type=\"email\" value=\"\" name=\"EMAIL\" class=\"required email all-100\" id=\"mce-EMAIL\">\n\t<\/div>\n\t<div class=\"mc-field-group\">\n\t\t<label for=\"mce-FNAME\">Pr\u00e9nom <span class=\"asterisk\">*<\/span>\n\t<\/label>\n\t\t<input type=\"text\" value=\"\" name=\"FNAME\" class=\"required all-100\" id=\"mce-FNAME\">\n\t<\/div>\n\t<div class=\"mc-field-group\">\n\t\t<label for=\"mce-LNAME\">Nom  <span class=\"asterisk\">*<\/span>\n\t<\/label>\n\t\t<input type=\"text\" value=\"\" name=\"LNAME\" class=\"required all-100\" id=\"mce-LNAME\">\n\t<\/div>\n\t\t<div id=\"mce-responses\" class=\"clear\">\n\t\t\t<div class=\"response\" id=\"mce-error-response\" style=\"display:none\"><\/div>\n\t\t\t<div class=\"response\" id=\"mce-success-response\" style=\"display:none\"><\/div>\n\t\t<\/div>    <!-- real people should not fill this in and expect good things - do not remove this or risk form bot signups-->\n\t\t<div style=\"position: absolute; left: -5000px;\"><input type=\"text\" name=\"b_f9ac97f493da3c5082d0d6c33_1a87584780\" tabindex=\"-1\" value=\"\"><\/div>\n\t\t<div class=\"clear\"><input type=\"submit\" value=\"S'inscrire\" name=\"subscribe\" id=\"mc-embedded-subscribe\" class=\"button\"><\/div>\n\t\t<\/div>\n\t<\/form>\n\t<\/div>\n\t<!--End mc_embed_signup-->\n\t\n<\/div>\n<h2>Suivez Ringuette Canada sur les r\u00e9seaux sociaux<\/h2>\n<ul class=\"social-tab overmenu-social\"><li><a href=\"https:\/\/www.facebook.com\/RingetteCanada\" class=\"social-link facebook\" target=\"_blank\"><i class=\"fab fa-facebook-f\" aria-hidden=\"true\"><\/i><span class=\"sr-only\">Visit our Facebook page<\/span><\/a><\/li><li><a href=\"https:\/\/twitter.com\/ringettecanada\" class=\"social-link twitter\" target=\"_blank\"><i class=\"fab fa-twitter\" aria-hidden=\"true\"><\/i><span class=\"sr-only\">Visit our Twitter page<\/span><\/a><\/li><li><a href=\"https:\/\/www.youtube.com\/user\/RingetteCanada\" class=\"social-link youtube\" target=\"_blank\"><i class=\"fab fa-youtube\" aria-hidden=\"true\"><\/i><span class=\"sr-only\">Visit our Youtube page<\/span><\/a><\/li><li><a href=\"https:\/\/www.flickr.com\/photos\/7738799@N02\/\" class=\"social-link flickr\" target=\"_blank\"><i class=\"fab fa-flickr\" aria-hidden=\"true\"><\/i><span class=\"sr-only\">Visit our Flickr page<\/span><\/a><\/li><li><a href=\"https:\/\/instagram.com\/ringettecanada1963\/\" class=\"social-link instagram\" target=\"_blank\"><i class=\"fab fa-instagram\" aria-hidden=\"true\"><\/i><span class=\"sr-only\">Visit our Instagram page<\/span><\/a><\/li><\/ul>\n\n","protected":false},"excerpt":{"rendered":"<p>La ringuette est un sport canadien passionnant qui fait souvent l&rsquo;objet de reportages dans les principales publications d&rsquo;information et sur les r\u00e9seaux de t\u00e9l\u00e9vision tels que le Globe and Mail, le National Post, la CBC et Global TV. Chaque ann\u00e9e, Ringuette Canada organise et fait la promotion de plusieurs \u00e9v\u00e9nements de ringuette dans tout le&hellip;<\/p>\n","protected":false},"author":2,"featured_media":0,"parent":14365,"menu_order":0,"comment_status":"closed","ping_status":"closed","template":"","meta":{"_acf_changed":false,"inline_featured_image":false,"footnotes":""},"class_list":["post-13453","page","type-page","status-publish","hentry"],"acf":[],"_links":{"self":[{"href":"https:\/\/www.ringette.ca\/fr\/wp-json\/wp\/v2\/pages\/13453","targetHints":{"allow":["GET"]}}],"collection":[{"href":"https:\/\/www.ringette.ca\/fr\/wp-json\/wp\/v2\/pages"}],"about":[{"href":"https:\/\/www.ringette.ca\/fr\/wp-json\/wp\/v2\/types\/page"}],"author":[{"embeddable":true,"href":"https:\/\/www.ringette.ca\/fr\/wp-json\/wp\/v2\/users\/2"}],"replies":[{"embeddable":true,"href":"https:\/\/www.ringette.ca\/fr\/wp-json\/wp\/v2\/comments?post=13453"}],"version-history":[{"count":0,"href":"https:\/\/www.ringette.ca\/fr\/wp-json\/wp\/v2\/pages\/13453\/revisions"}],"up":[{"embeddable":true,"href":"https:\/\/www.ringette.ca\/fr\/wp-json\/wp\/v2\/pages\/14365"}],"wp:attachment":[{"href":"https:\/\/www.ringette.ca\/fr\/wp-json\/wp\/v2\/media?parent=13453"}],"curies":[{"name":"wp","href":"https:\/\/api.w.org\/{rel}","templated":true}]}}