{"id":13458,"date":"2022-01-06T20:48:25","date_gmt":"2022-01-06T20:48:25","guid":{"rendered":"https:\/\/www.ringette.ca\/%e2%80%8b%e2%80%8ba-propos-de-nous\/"},"modified":"2025-03-03T17:02:25","modified_gmt":"2025-03-03T17:02:25","slug":"a-propos-de-nous","status":"publish","type":"page","link":"https:\/\/www.ringette.ca\/fr\/a-propos-de-nous\/","title":{"rendered":"\u200b\u200b\u00c0 propos <span>de nous<\/span>"},"content":{"rendered":"\n\n\t\t\t\t<img decoding=\"async\" src=\"https:\/\/www.ringette.ca\/wp-content\/uploads\/2022\/05\/revisedheaders-01.jpg\" alt=\"revisedheaders-01\" itemprop=\"image\" height=\"1080\" width=\"1920\" title=\"revisedheaders-01\" onerror=\"this.style.display='none'\"  \/>\n\n\t<h2>Un chef de file mondial de la culture de la ringuette<\/h2>\n<p>En tant qu&rsquo;organisme directeur de la ringuette, nous sommes passionn\u00e9s par l&rsquo;am\u00e9lioration et la promotion de notre sport. Nous nous effor\u00e7ons d&rsquo;offrir des programmes, des \u00e9v\u00e9nements et des initiatives qui permettent aux participant\u00b7e\u00b7s de jouer \u00e0 la ringuette \u00e0 tous les niveaux.<\/p>\n<p>Nous collaborons avec les entra\u00eeneur\u00b7e\u00b7s, les officiel\u00b7le\u00b7s et les b\u00e9n\u00e9voles pour faire de la ringuette un sport s\u00e9curitaire, inclusif et amusant que tous les Canadien\u00b7ne\u00b7s peuvent appr\u00e9cier.<\/p>\n<p>En tant que leaders mondiaux de la ringuette, nous aidons \u00e9galement les athl\u00e8tes d&rsquo;\u00e9lite \u00e0 atteindre leur plus haut potentiel afin qu&rsquo;iels puissent concourir sur les plans national et international.<\/p>\n<h2>Comment Ringuette Canada am\u00e9liore la ringuette :<\/h2>\n<ul>\n<li>Nous proposons des programmes et des services exceptionnels pour d\u00e9velopper les athl\u00e8tes et les entra\u00eeneur\u00b7e\u00b7s.<\/li>\n<li>Nous promouvons des \u00e9v\u00e9nements nationaux et internationaux de ringuette.<\/li>\n<li>Nous assurons la liaison avec les m\u00e9dias pour accro\u00eetre la visibilit\u00e9 de la ringuette et attirer de nouveaux participant\u00b7e\u00b7s.<\/li>\n<li>Nous fournissons des ressources \u00e9ducatives aux parents, aux athl\u00e8tes et aux entra\u00eeneur\u00b7e\u00b7s.<\/li>\n<li>Nous \u00e9laborons des politiques pour assurer la s\u00e9curit\u00e9 et l&rsquo;inclusivit\u00e9 de la ringuette.<\/li>\n<\/ul>\n\t<p><a href=\"https:\/\/www.ringette.ca\/fr\/a-propos-de-nous\/notre-culture\/\">Prenez connaissance des d\u00e9clarations fondamentales de Ringuette Canada.<\/a><\/p>\n\n","protected":false},"excerpt":{"rendered":"<p>Un chef de file mondial de la culture de la ringuette En tant qu&rsquo;organisme directeur de la ringuette, nous sommes passionn\u00e9s par l&rsquo;am\u00e9lioration et la promotion de notre sport. Nous nous effor\u00e7ons d&rsquo;offrir des programmes, des \u00e9v\u00e9nements et des initiatives qui permettent aux participant\u00b7e\u00b7s de jouer \u00e0 la ringuette \u00e0 tous les niveaux. Nous collaborons&hellip;<\/p>\n","protected":false},"author":2,"featured_media":0,"parent":0,"menu_order":0,"comment_status":"closed","ping_status":"closed","template":"","meta":{"_acf_changed":false,"inline_featured_image":false,"footnotes":""},"class_list":["post-13458","page","type-page","status-publish","hentry"],"acf":[],"_links":{"self":[{"href":"https:\/\/www.ringette.ca\/fr\/wp-json\/wp\/v2\/pages\/13458","targetHints":{"allow":["GET"]}}],"collection":[{"href":"https:\/\/www.ringette.ca\/fr\/wp-json\/wp\/v2\/pages"}],"about":[{"href":"https:\/\/www.ringette.ca\/fr\/wp-json\/wp\/v2\/types\/page"}],"author":[{"embeddable":true,"href":"https:\/\/www.ringette.ca\/fr\/wp-json\/wp\/v2\/users\/2"}],"replies":[{"embeddable":true,"href":"https:\/\/www.ringette.ca\/fr\/wp-json\/wp\/v2\/comments?post=13458"}],"version-history":[{"count":0,"href":"https:\/\/www.ringette.ca\/fr\/wp-json\/wp\/v2\/pages\/13458\/revisions"}],"wp:attachment":[{"href":"https:\/\/www.ringette.ca\/fr\/wp-json\/wp\/v2\/media?parent=13458"}],"curies":[{"name":"wp","href":"https:\/\/api.w.org\/{rel}","templated":true}]}}