{"id":13473,"date":"2022-01-07T18:42:49","date_gmt":"2022-01-07T18:42:49","guid":{"rendered":"https:\/\/www.ringette.ca\/a-propos-de-nous\/documents-et-formulaires-de-ringuette-canada\/"},"modified":"2024-05-06T17:37:41","modified_gmt":"2024-05-06T17:37:41","slug":"documents-et-formulaires-de-ringuette-canada","status":"publish","type":"page","link":"https:\/\/www.ringette.ca\/fr\/a-propos-de-nous\/documents-et-formulaires-de-ringuette-canada\/","title":{"rendered":"Documents et formulaires de <span>Ringuette Canada<\/span>"},"content":{"rendered":"\n\n\t\t\t\t<img decoding=\"async\" src=\"https:\/\/www.ringette.ca\/wp-content\/uploads\/2022\/05\/revisedheaders-05.jpg\" alt=\"revisedheaders-05\" itemprop=\"image\" height=\"1080\" width=\"1920\" title=\"revisedheaders-05\" onerror=\"this.style.display='none'\"  \/>\n\n\t<p><b>Formulaire de demande de remboursement de frais<\/b><\/p>\n<p>Veuillez remplir le formulaire de demande de remboursement des d\u00e9penses ci-dessous. Tous les re\u00e7us doivent \u00eatre scann\u00e9s et soumis par courriel \u00e0 anik@ringuette.ca, ou envoy\u00e9s par la poste au bureau de Ringuette Canada.<\/p>\n<p>Pour recevoir un PDF de ce formulaire, veuillez envoyer votre demande \u00e0 anik@ringuette.ca. Pour une liste de directives, <a href=\"https:\/\/www.ringette.ca\/fr\/a-propos-de-nous\/documents-et-formulaires-de-ringuette-canada\/directives\/\">veuillez cliquer ici<\/a>.<\/p>\n<p><a href=\"https:\/\/www.ringette.ca\/fr\/a-propos-de-nous\/documents-et-formulaires-de-ringuette-canada\/formulaire-de-demande-de-remboursement\/\">Remplissez un formulaire de note de frais en ligne.<\/a><\/p>\n<p>Votre paiement vous sera envoy\u00e9 au plus tard 30 jours \u00e0 compter de la date de soumission du formulaire de demande de remboursement.<\/p>\n\n","protected":false},"excerpt":{"rendered":"<p>Formulaire de demande de remboursement de frais Veuillez remplir le formulaire de demande de remboursement des d\u00e9penses ci-dessous. Tous les re\u00e7us doivent \u00eatre scann\u00e9s et soumis par courriel \u00e0 anik@ringuette.ca, ou envoy\u00e9s par la poste au bureau de Ringuette Canada. Pour recevoir un PDF de ce formulaire, veuillez envoyer votre demande \u00e0 anik@ringuette.ca. Pour une&hellip;<\/p>\n","protected":false},"author":2,"featured_media":0,"parent":13458,"menu_order":4,"comment_status":"closed","ping_status":"closed","template":"","meta":{"_acf_changed":false,"inline_featured_image":false,"footnotes":""},"class_list":["post-13473","page","type-page","status-publish","hentry"],"acf":[],"_links":{"self":[{"href":"https:\/\/www.ringette.ca\/fr\/wp-json\/wp\/v2\/pages\/13473","targetHints":{"allow":["GET"]}}],"collection":[{"href":"https:\/\/www.ringette.ca\/fr\/wp-json\/wp\/v2\/pages"}],"about":[{"href":"https:\/\/www.ringette.ca\/fr\/wp-json\/wp\/v2\/types\/page"}],"author":[{"embeddable":true,"href":"https:\/\/www.ringette.ca\/fr\/wp-json\/wp\/v2\/users\/2"}],"replies":[{"embeddable":true,"href":"https:\/\/www.ringette.ca\/fr\/wp-json\/wp\/v2\/comments?post=13473"}],"version-history":[{"count":0,"href":"https:\/\/www.ringette.ca\/fr\/wp-json\/wp\/v2\/pages\/13473\/revisions"}],"up":[{"embeddable":true,"href":"https:\/\/www.ringette.ca\/fr\/wp-json\/wp\/v2\/pages\/13458"}],"wp:attachment":[{"href":"https:\/\/www.ringette.ca\/fr\/wp-json\/wp\/v2\/media?parent=13473"}],"curies":[{"name":"wp","href":"https:\/\/api.w.org\/{rel}","templated":true}]}}