{"id":13732,"date":"2022-01-17T21:15:07","date_gmt":"2022-01-17T21:15:07","guid":{"rendered":"https:\/\/www.ringette.ca\/?page_id=13732"},"modified":"2025-06-18T19:01:36","modified_gmt":"2025-06-18T19:01:36","slug":"ringuette-de-gymnase","status":"publish","type":"page","link":"https:\/\/www.ringette.ca\/fr\/decouvrir\/ringuette-de-gymnase\/","title":{"rendered":"Ringuette <span>de gymnase<\/span>"},"content":{"rendered":"\n\n\t\t\t\t<img decoding=\"async\" src=\"https:\/\/www.ringette.ca\/wp-content\/uploads\/2022\/01\/header-gym.jpg\" alt=\"header-gym\" itemprop=\"image\" height=\"1069\" width=\"1920\" title=\"header-gym\" onerror=\"this.style.display='none'\"  \/>\n\n\t<h2>Une fa\u00e7on s\u00fbre et inclusive de profiter de la ringuette tout au long de l&rsquo;ann\u00e9e<\/h2>\n<p><img decoding=\"async\" src=\"https:\/\/www.ringette.ca\/wp-content\/uploads\/2024\/11\/Gym_Ringuette_Logo_FR_350-300x183-1.png\" alt=\"\" width=\"300\" height=\"183\" \/><\/p>\n\t<p>Saviez-vous que la ringuette peut \u00e9galement \u00eatre pratiqu\u00e9e comme un sport sur la \u00abterre ferme\u00bb?<\/p>\n<p>La plupart des \u00e9l\u00e9ments amusants et stimulants de la ringuette se transposent bien sur le sol d&rsquo;un gymnase. La ringuette en salle peut \u00eatre pratiqu\u00e9e comme une activit\u00e9 \u00e0 part enti\u00e8re ou pour compl\u00e9ter l&rsquo;entra\u00eenement \u00e0 la ringuette sur glace.<\/p>\n<p>Les joueur\u00b7euse\u00b7s de tous \u00e2ges et de toutes capacit\u00e9s sont en mesure de d\u00e9velopper leur force, leur \u00e9quilibre, leur coordination et leur agilit\u00e9 tout en profitant d&rsquo;une comp\u00e9tition saine.<\/p>\n<p>Les principaux avantages de la ringuette en salle sont qu&rsquo;il s&rsquo;agit d&rsquo;une activit\u00e9 s\u00e9curitaire, peu co\u00fbteuse, inclusive et qui peut \u00eatre pratiqu\u00e9e toute l&rsquo;ann\u00e9e.<\/p>\n<p>&nbsp;<\/p>\n\t<iframe loading=\"lazy\" width=\"560\" height=\"315\" src=\"https:\/\/www.youtube.com\/embed\/jpLhI4r5MFE?si=zsPe5H7rr5dAkdDB\" title=\"YouTube video player\" frameborder=\"0\" allow=\"accelerometer; autoplay; clipboard-write; encrypted-media; gyroscope; picture-in-picture; web-share\" referrerpolicy=\"strict-origin-when-cross-origin\" allowfullscreen><\/iframe>\n<h2>\n\t\tConseils aux enseignant\u00b7e\u00b7s\n\t<\/h2>\n\t\t\t\t<img decoding=\"async\" src=\"https:\/\/www.ringette.ca\/wp-content\/uploads\/2025\/06\/1.png\" alt=\"1\" itemprop=\"image\" height=\"627\" width=\"890\" title=\"1\" onerror=\"this.style.display='none'\"  \/>\n\t<p>La ringuette en salle est un programme de <a href=\"https:\/\/truesportpur.ca\/fr\" target=\"_blank\" rel=\"noopener\">Sport pur<\/a>. Sport pur est une initiative canadienne qui aide \u00e0 offrir des programmes sportifs fond\u00e9s sur les valeurs d&rsquo;\u00e9quit\u00e9, d&rsquo;excellence, d&rsquo;inclusion et de plaisir.<\/p>\n<p>Notre manuel de l&rsquo;enseignant\u00b7e de ringuette se concentre sur l&rsquo;utilisation de l&rsquo;approche \u00abApprendre et comprendre par le jeu\u00bb (ACpJ). Avec cette approche, nous utilisons des activit\u00e9s centr\u00e9es sur l&rsquo;apprenant\u00b7e et la r\u00e9solution de probl\u00e8mes pour enseigner les comp\u00e9tences de la ringuette en salle.<\/p>\n\t<p><a href=\"https:\/\/www.ringette.ca\/wp-content\/uploads\/2024\/11\/Ringuette-de-gymnase-antiseche-pour-les-competences-de-base.pdf\">Antis\u00e8che pour les comp\u00e9tences de base<\/a><\/p>\n<p><a href=\"https:\/\/www.ringette.ca\/wp-content\/uploads\/2024\/11\/Ringuette-de-gymnase-Modele-de-lettre-de-prise-de-contact.pdf\">Mod\u00e8le de lettre de prise de contact<\/a><\/p>\n<p><a href=\"https:\/\/www.ringette.ca\/wp-content\/uploads\/2024\/11\/Ringuette-de-Gymnase-plan-de-suivi.pdf\">Plan de suivi<\/a><\/p>\n<p><a href=\"https:\/\/www.ringette.ca\/wp-content\/uploads\/2024\/11\/Ringuette-de-Gymnase-Liste-de-verification-avant-levenement.pdf\">Liste de v\u00e9rification avant l&rsquo;\u00e9v\u00e9nement<\/a><\/p>\n<p><a href=\"https:\/\/www.ringette.ca\/wp-content\/uploads\/2024\/11\/Ringuette-de-Gymnase-Conseils-pour-enseigner-a-differents-groupes-dage.pdf\">Conseils pour enseigner \u00e0 diff\u00e9rents groupes d&rsquo;\u00e2ge<\/a><\/p>\n\t<p><a href=\"https:\/\/www.ringette.ca\/wp-content\/uploads\/2024\/11\/Ringuette-de-Gymnase-Fiche-de-planification-du-recrutement-.pdf\">Fiche de planification du recrutement<\/a><\/p>\n<p><a href=\"https:\/\/www.ringette.ca\/wp-content\/uploads\/2024\/11\/Ringuette-de-Gymnase-Roles-et-responsabilites.pdf\">Roles &amp; responsabilit\u00e9s<\/a><\/p>\n<p><a href=\"https:\/\/www.ringette.ca\/wp-content\/uploads\/2024\/11\/Ringuette-de-gymnase-feuille-des-regles.pdf\">Feuille des r\u00e8gles<\/a><\/p>\n<p><a href=\"https:\/\/www.ringette.ca\/wp-content\/uploads\/2024\/11\/Ringuette-de-gymnase-Exemple-de-plan-de-seance-.pdf\">Exemple de plan de s\u00e9ance<\/a><\/p>\n<p><a href=\"https:\/\/www.ringette.ca\/wp-content\/uploads\/2024\/11\/Ringuette-de-Gymnase-Feuille-dexemples-damenagement.pdf\"> Feuille d&rsquo;exemples d&rsquo;am\u00e9nagement<\/a><\/p>\n\t\t\t<a href=\"https:\/\/www.ringette.ca\/wp-content\/uploads\/2025\/06\/Gym-Ringette-Manual-French-2025.pdf\" download target=\"_self\">\n\t\t\t\t\t\t\tT\u00e9l\u00e9charger le manuel de l&rsquo;enseignant de ringuette de gymnase\n\t\t\t\t\t<\/a>\n\t\t\t<a href=\"https:\/\/ringettecanada.sportforlife-sportpourlavie.ca\/catalog.php\" target=\"_blank\" rel=\"noopener nofollow\">\n\t\t\t\t\t\t\tCours de ringuette de gymnase\n\t\t\t\t\t<\/a>\n<h2>\n\t\tBouger, penser, apprendre\n\t<\/h2>\n\t<p>&nbsp;<\/p>\n<p><strong>Aider les enfants \u00e0 d\u00e9velopper des comp\u00e9tences tactiques tout en s&rsquo;amusant<\/strong><\/p>\n<p>La s\u00e9rie \u00abBouger, penser, apprendre\u00bb soutient les enseignant\u00b7e\u00b7s et les responsables de l&rsquo;activit\u00e9 physique travaillant avec des enfants de la quatri\u00e8me \u00e0 la neuvi\u00e8me ann\u00e9e.<\/p>\n<p>En partenariat avec les organismes nationaux de sport associ\u00e9s, la s\u00e9rie \u00abBouger, penser, apprendre\u00bb propose un programme intitul\u00e9 \u00abLa ringuette en vedette\u00bb.<\/p>\n<p>\u00abLa ringuette en vedette\u00bb aide les enfants \u00e0 acqu\u00e9rir des comp\u00e9tences en mati\u00e8re de mouvement et de r\u00e9flexion tactique en jouant \u00e0 la ringuette. Ces comp\u00e9tences peuvent ensuite \u00eatre transf\u00e9r\u00e9es \u00e0 d&rsquo;autres activit\u00e9s et sports.<\/p>\n<p>L&rsquo;objectif de ce programme est d&rsquo;aider les enfants \u00e0 d\u00e9velopper leurs connaissances, leur confiance et leurs comp\u00e9tences par le biais d&rsquo;une activit\u00e9 amusante et inclusive.<\/p>\n<p>&nbsp;<\/p>\n\t\t\t<a href=\"https:\/\/www.ringette.ca\/wp-content\/uploads\/2024\/04\/ringette_4_6_final.pdf\" target=\"_self\">\n\t\t\t\t\t\t\tACC\u00c9DER \u00c0 LA RESSOURCE BOUGER, PENSER, APPRENDRE\n\t\t\t\t\t<\/a>\n\n","protected":false},"excerpt":{"rendered":"<p>Une fa\u00e7on s\u00fbre et inclusive de profiter de la ringuette tout au long de l&rsquo;ann\u00e9e Saviez-vous que la ringuette peut \u00e9galement \u00eatre pratiqu\u00e9e comme un sport sur la \u00abterre ferme\u00bb? La plupart des \u00e9l\u00e9ments amusants et stimulants de la ringuette se transposent bien sur le sol d&rsquo;un gymnase. La ringuette en salle peut \u00eatre pratiqu\u00e9e&hellip;<\/p>\n","protected":false},"author":2,"featured_media":0,"parent":13425,"menu_order":3,"comment_status":"closed","ping_status":"closed","template":"","meta":{"_acf_changed":false,"inline_featured_image":false,"footnotes":""},"class_list":["post-13732","page","type-page","status-publish","hentry"],"acf":[],"_links":{"self":[{"href":"https:\/\/www.ringette.ca\/fr\/wp-json\/wp\/v2\/pages\/13732","targetHints":{"allow":["GET"]}}],"collection":[{"href":"https:\/\/www.ringette.ca\/fr\/wp-json\/wp\/v2\/pages"}],"about":[{"href":"https:\/\/www.ringette.ca\/fr\/wp-json\/wp\/v2\/types\/page"}],"author":[{"embeddable":true,"href":"https:\/\/www.ringette.ca\/fr\/wp-json\/wp\/v2\/users\/2"}],"replies":[{"embeddable":true,"href":"https:\/\/www.ringette.ca\/fr\/wp-json\/wp\/v2\/comments?post=13732"}],"version-history":[{"count":0,"href":"https:\/\/www.ringette.ca\/fr\/wp-json\/wp\/v2\/pages\/13732\/revisions"}],"up":[{"embeddable":true,"href":"https:\/\/www.ringette.ca\/fr\/wp-json\/wp\/v2\/pages\/13425"}],"wp:attachment":[{"href":"https:\/\/www.ringette.ca\/fr\/wp-json\/wp\/v2\/media?parent=13732"}],"curies":[{"name":"wp","href":"https:\/\/api.w.org\/{rel}","templated":true}]}}