{"id":14023,"date":"2022-01-18T21:04:06","date_gmt":"2022-01-18T21:04:06","guid":{"rendered":"https:\/\/www.ringette.ca\/championnat\/championnat-canadien-de-ringuette\/"},"modified":"2026-01-09T18:36:17","modified_gmt":"2026-01-09T18:36:17","slug":"championnat-canadien-de-ringuette","status":"publish","type":"page","link":"https:\/\/www.ringette.ca\/fr\/evenements\/championnat-canadien-de-ringuette\/","title":{"rendered":"Championnat canadien <span>de ringuette<\/span>"},"content":{"rendered":"\n\n\t\t\t\t<img decoding=\"async\" src=\"https:\/\/www.ringette.ca\/wp-content\/uploads\/2021\/12\/47546011562_3c140aad7d_5k.jpg\" alt=\"47546011562_3c140aad7d_5k\" itemprop=\"image\" height=\"1280\" width=\"1920\" title=\"47546011562_3c140aad7d_5k\" onerror=\"this.style.display='none'\" loading='lazy' \/>\n\n\t\t\t\t<img decoding=\"async\" src=\"https:\/\/www.ringette.ca\/wp-content\/uploads\/2026\/01\/CRC2026_Logo_VerticalLockup-300x218.png\" alt=\"CRC2026_Logo_VerticalLockup\" itemprop=\"image\" height=\"218\" width=\"300\" title=\"CRC2026_Logo_VerticalLockup\" onerror=\"this.style.display='none'\" loading='lazy' \/>\n\t<h2>Mon sport, ma passion au plus haut niveau.<\/h2>\n<p><b>\u00a0<\/b>Chaque printemps, le Championnat canadien de ringuette (CCR) rassemble des participant\u00b7e\u00b7s, des familles et des fans de tout le pays pour un \u00e9v\u00e9nement unique en son genre.<\/p>\n<p>Pendant le CCR, les joueur\u00b7euse\u00b7s d&rsquo;\u00e9lite ont l&rsquo;occasion de briller au niveau national. Avec 200 entra\u00eeneur\u00b7e\u00b7s, 50 officiel\u00b7le\u00b7s, des centaines de b\u00e9n\u00e9voles et 1 000 athl\u00e8tes en comp\u00e9tition dans les divisions des moins de 16 ans et des moins de 19 ans, c&rsquo;est toujours une exp\u00e9rience \u00e0 retenir.<\/p>\n<p>OTTAWA, ON &#8211; 29 MARS DU 4 AVRIL, 2026<\/p>\n\t\t\t<a href=\"https:\/\/www.crc-ccr.ca\/fr\" target=\"_blank\" rel=\"noopener nofollow\">\n\t\t\t\t\t\t\tVoir le site\n\t\t\t\t\t<\/a>\n\t\t\t\t<img decoding=\"async\" src=\"https:\/\/www.ringette.ca\/wp-content\/uploads\/2021\/12\/Mask-Group-9.jpg\" alt=\"Mask Group 9\" itemprop=\"image\" height=\"458\" width=\"414\" title=\"Mask Group 9\" onerror=\"this.style.display='none'\" loading='lazy' \/>\n\t\t\t\t<img decoding=\"async\" src=\"https:\/\/www.ringette.ca\/wp-content\/uploads\/2021\/12\/Group-354.jpg\" alt=\"Group 354\" itemprop=\"image\" height=\"458\" width=\"414\" title=\"Group 354\" onerror=\"this.style.display='none'\" loading='lazy' \/>\n\t<lite-youtube params=\"modestbranding=1&#038;rel=0&#038;autoplay=1&#038;loop=1&#038;enablejsapi=1\" videoid=\"cj6w-DR952E\"><\/lite-youtube>\n\t<p>Le CCR est \u00e9galement l&rsquo;occasion pour les meilleur\u00b7es joueur\u00b7euses de ringuette du Canada de s&rsquo;affronter au plus haut niveau lors du Championnat de la Ligue nationale de ringuette.<\/p>\n<p>Gr\u00e2ce au CCR, nous sommes renfor\u00e7ons nos \u00e9quipes et notre sport, et nous connectons notre communaut\u00e9. Les participant\u00b7e\u00b7s s&rsquo;amusent \u00e0 rencontrer de nouveaux et d&rsquo;ancien\u00b7ne\u00b7s ami\u00b7e\u00b7s. Quant aux supporter\u00b7rice\u00b7s, iels vivent une exp\u00e9rience inoubliable en remplissant l&rsquo;ar\u00e8ne de leur \u00e9nergie et de leur enthousiasme.<\/p>\n\t\t\t\t\t<a href=\"#\"  id=\"fl-accordion--label-0\" tabindex=\"0\" aria-controls=\"fl-accordion--panel-0\">Voir les \u00e9v\u00e9nements pass\u00e9s et les r\u00e9sultats<\/a>\n\t\t\t\t\t\t\t\t\t\t\t<a href=\"#\" id=\"fl-accordion--icon-0\"  tabindex=\"0\"><i title=\"D\u00e9plier\">D\u00e9plier<\/i><\/a>\n\t\t\t\t\t<ul class=\"results-nav\"><li><a href=\"https:\/\/www.ringette.ca\/fr\/event-results\/2025-ottawa-ontario\/\">2025: Ottawa, Ontario<\/a><\/li><li><a href=\"https:\/\/www.ringette.ca\/fr\/event-results\/65985-2\/\">2024: Dieppe, New Brunswick<\/a><\/li><li><a href=\"https:\/\/www.ringette.ca\/fr\/event-results\/2023-regina-saskatchewan\/\">2023: Regina, Saskatchewan<\/a><\/li><li><a href=\"https:\/\/www.ringette.ca\/fr\/event-results\/canadian-ringette-championships\/\">2022: Calgary, Alberta<\/a><\/li><li><a href=\"https:\/\/www.ringette.ca\/fr\/event-results\/2019-charlottetown-summerside-ipe\/\">2019: Charlottetown\/Summerside, IP\u00c9<\/a><\/li><li><a href=\"https:\/\/www.ringette.ca\/fr\/event-results\/2018-winnipeg-manitoba\/\">2018: Winnipeg, Manitoba<\/a><\/li><li><a href=\"https:\/\/www.ringette.ca\/fr\/event-results\/2017-leduc-alberta\/\">2017: Leduc, Alberta<\/a><\/li><li><a href=\"https:\/\/www.ringette.ca\/fr\/event-results\/2016-london-ontario\/\">2016: London, Ontario<\/a><\/li><li><a href=\"https:\/\/www.ringette.ca\/fr\/event-results\/2015-wood-buffalo-alberta\/\">2015 : Wood Buffalo, Alberta<\/a><\/li><li><a href=\"https:\/\/www.ringette.ca\/fr\/event-results\/2014-regina-saskatchewan\/\">2014 : Regina, Saskatchewan<\/a><\/li><li><a href=\"https:\/\/www.ringette.ca\/fr\/event-results\/2013-fredericton-nouveau-brunswick\/\">2013 : Fredericton, Nouveau-Brunswick<\/a><\/li><li><a href=\"https:\/\/www.ringette.ca\/fr\/event-results\/2012-burnaby-colombie-britannique\/\">2012 : Burnaby, Colombie-Britannique<\/a><\/li><li><a href=\"https:\/\/www.ringette.ca\/fr\/event-results\/2011-cambridge-ontario\/\">2011 : Cambridge, Ontario<\/a><\/li><li><a href=\"https:\/\/www.ringette.ca\/fr\/event-results\/2010-saskatoon-saskatchewan\/\">2010 : Saskatoon, Saskatchewan<\/a><\/li><li><a href=\"https:\/\/www.ringette.ca\/fr\/event-results\/2009-charlottetown-ile-du-prince-edouard\/\">2009 : Charlottetown, \u00cele-du-Prince-\u00c9douard<\/a><\/li><li><a href=\"https:\/\/www.ringette.ca\/fr\/event-results\/2008-st-albert-alberta\/\">2008 : St. Albert, Alberta<\/a><\/li><li><a href=\"https:\/\/www.ringette.ca\/fr\/event-results\/2007-halifax-nouvelle-ecosse\/\">2007 : Halifax, Nouvelle-\u00c9cosse<\/a><\/li><li><a href=\"https:\/\/www.ringette.ca\/fr\/event-results\/2006-longueuil-quebec\/\">2006 : Longueuil, Qu\u00e9bec<\/a><\/li><li><a href=\"https:\/\/www.ringette.ca\/fr\/event-results\/2005-winnipeg-manitoba\/\">2005 : Winnipeg, Manitoba<\/a><\/li><li><a href=\"https:\/\/www.ringette.ca\/fr\/event-results\/2004-calgary-alberta\/\">2004 : Calgary, Alberta<\/a><\/li><li><a href=\"https:\/\/www.ringette.ca\/fr\/event-results\/2003-waterloo-ontario\/\">2003 : Waterloo, Ontario<\/a><\/li><li><a href=\"https:\/\/www.ringette.ca\/fr\/event-results\/2002-regina-saskatchewan\/\">2002 : Regina, Saskatchewan<\/a><\/li><li><a href=\"https:\/\/www.ringette.ca\/fr\/event-results\/2001-moncton-nouveau-brunswick\/\">2001 : Moncton, Nouveau-Brunswick<\/a><\/li><li><a href=\"https:\/\/www.ringette.ca\/fr\/event-results\/2000-prince-george-colombie-britannique\/\">2000 : Prince George, Colombie-Britannique<\/a><\/li><li><a href=\"https:\/\/www.ringette.ca\/fr\/event-results\/1999-halifax-nouvelle-ecosse\/\">1999 : Halifax, Nouvelle-\u00c9cosse<\/a><\/li><li><a href=\"https:\/\/www.ringette.ca\/fr\/event-results\/1998-edmonton-alberta\/\">1998 : Edmonton, Alberta<\/a><\/li><li><a href=\"https:\/\/www.ringette.ca\/fr\/event-results\/1997-montreal-quebec\/\">1997 : Montr\u00e9al, Qu\u00e9bec<\/a><\/li><li><a href=\"https:\/\/www.ringette.ca\/fr\/event-results\/1996-gloucester-ontario\/\">1996 : Gloucester, Ontario<\/a><\/li><li><a href=\"https:\/\/www.ringette.ca\/fr\/event-results\/1995-winnipeg-manitoba\/\">1995 : Winnipeg, Manitoba<\/a><\/li><li><a href=\"https:\/\/www.ringette.ca\/fr\/event-results\/1994-saskatoon-saskatchewan\/\">1994 : Saskatoon, Saskatchewan<\/a><\/li><li><a href=\"https:\/\/www.ringette.ca\/fr\/event-results\/1993-kitchener-ontario\/\">1993 : Kitchener, Ontario<\/a><\/li><li><a href=\"https:\/\/www.ringette.ca\/fr\/event-results\/1992-port-coquitlam-colombie-britannique\/\">1992 : Port Coquitlam, Colombie-Britannique<\/a><\/li><li><a href=\"https:\/\/www.ringette.ca\/fr\/event-results\/1991-hull-quebec\/\">1991 : Hull, Qu\u00e9bec<\/a><\/li><li><a href=\"https:\/\/www.ringette.ca\/fr\/event-results\/1990-calgary-alberta\/\">1990 : Calgary, Alberta<\/a><\/li><li><a href=\"https:\/\/www.ringette.ca\/fr\/event-results\/1989-fredericton-nouveau-brunswick\/\">1989 : Fredericton, Nouveau-Brunswick<\/a><\/li><li><a href=\"https:\/\/www.ringette.ca\/fr\/event-results\/1988-winnipeg-manitoba\/\">1988 : Winnipeg, Manitoba<\/a><\/li><li><a href=\"https:\/\/www.ringette.ca\/fr\/event-results\/1987-kitchener-ontario\/\">1987 : Kitchener, Ontario<\/a><\/li><li><a href=\"https:\/\/www.ringette.ca\/fr\/event-results\/1986-regina-saskatchewan\/\">1986 : Regina, Saskatchewan<\/a><\/li><li><a href=\"https:\/\/www.ringette.ca\/fr\/event-results\/1985-dollard-des-ormeaux-quebec\/\">1985 : Dollard des Ormeaux, Qu\u00e9bec<\/a><\/li><li><a href=\"https:\/\/www.ringette.ca\/fr\/event-results\/1984-port-coquitlam-colombie-britannique\/\">1984 : Port Coquitlam, Colombie-Britannique<\/a><\/li><li><a href=\"https:\/\/www.ringette.ca\/fr\/event-results\/1983-sherwood-park-alberta\/\">1983 : Sherwood Park, Alberta<\/a><\/li><li><a href=\"https:\/\/www.ringette.ca\/fr\/event-results\/1982-dartmouth-nouvelle-ecosse\/\">1982 : Dartmouth, Nouvelle-\u00c9cosse<\/a><\/li><li><a href=\"https:\/\/www.ringette.ca\/fr\/event-results\/1981-sudbury-ontario\/\">1981 : Sudbury, Ontario<\/a><\/li><li><a href=\"https:\/\/www.ringette.ca\/fr\/event-results\/1980-waterloo-ontario\/\">1980 : Waterloo, Ontario<\/a><\/li><li><a href=\"https:\/\/www.ringette.ca\/fr\/event-results\/1979-winnipeg-manitoba\/\">1979 : Winnipeg, Manitoba<\/a><\/li><\/ul>\n\n","protected":false},"excerpt":{"rendered":"<p>JUNIOR Or : Ontario Argent : \u00c9quipe h\u00f4te Bronze : Manitoba 4 Alberta 5 Nouvelle-\u00c9cosse 6 Saskatchewan BELLE Or : Ontario Argent : Manitoba Bronze : Alberta 4 \u00c9quipe h\u00f4te 5 Nouvelle-\u00c9cosse 6 Nouveau-Brunswick 7 Colombie-Britannique 8 Saskatchewan DEB Or : Ontario (Kitchener) Argent : Ontario (Waterloo) Bronze : Ontario (Gloucester) 4 Manitoba 5 Ontario&hellip;<\/p>\n","protected":false},"author":2,"featured_media":0,"parent":13418,"menu_order":2,"comment_status":"closed","ping_status":"closed","template":"","meta":{"_acf_changed":false,"inline_featured_image":false,"footnotes":""},"class_list":["post-14023","page","type-page","status-publish","hentry"],"acf":[],"_links":{"self":[{"href":"https:\/\/www.ringette.ca\/fr\/wp-json\/wp\/v2\/pages\/14023","targetHints":{"allow":["GET"]}}],"collection":[{"href":"https:\/\/www.ringette.ca\/fr\/wp-json\/wp\/v2\/pages"}],"about":[{"href":"https:\/\/www.ringette.ca\/fr\/wp-json\/wp\/v2\/types\/page"}],"author":[{"embeddable":true,"href":"https:\/\/www.ringette.ca\/fr\/wp-json\/wp\/v2\/users\/2"}],"replies":[{"embeddable":true,"href":"https:\/\/www.ringette.ca\/fr\/wp-json\/wp\/v2\/comments?post=14023"}],"version-history":[{"count":0,"href":"https:\/\/www.ringette.ca\/fr\/wp-json\/wp\/v2\/pages\/14023\/revisions"}],"up":[{"embeddable":true,"href":"https:\/\/www.ringette.ca\/fr\/wp-json\/wp\/v2\/pages\/13418"}],"wp:attachment":[{"href":"https:\/\/www.ringette.ca\/fr\/wp-json\/wp\/v2\/media?parent=14023"}],"curies":[{"name":"wp","href":"https:\/\/api.w.org\/{rel}","templated":true}]}}