{"id":14308,"date":"2022-01-20T18:47:25","date_gmt":"2022-01-20T18:47:25","guid":{"rendered":"https:\/\/www.ringette.ca\/notre-sport\/les-visages-de-la-ringuette\/"},"modified":"2022-02-24T15:33:10","modified_gmt":"2022-02-24T15:33:10","slug":"les-visages-de-la-ringuette","status":"publish","type":"page","link":"https:\/\/www.ringette.ca\/fr\/notre-sport\/les-visages-de-la-ringuette\/","title":{"rendered":"Les visages de <span>la ringuette<\/span>"},"content":{"rendered":"\n\n\t\t\t\t<img decoding=\"async\" src=\"https:\/\/www.ringette.ca\/wp-content\/uploads\/2022\/01\/headers-faces.jpg\" alt=\"headers-faces\" itemprop=\"image\" height=\"1080\" width=\"1920\" title=\"headers-faces\" onerror=\"this.style.display='none'\"  \/>\n\n\t<h2>Une communaut\u00e9 diversifi\u00e9e et accueillante<\/h2>\n\u00abJe suis tellement heureuse d&rsquo;avoir commenc\u00e9 \u00e0 pratiquer ce sport formidable. Je suis \u00e9galement heureuse d&rsquo;avoir pu rencontrer tant de nouvelles filles. Nous sommes toutes tr\u00e8s proches et nous avons promis de rester en contact et de nous retrouver aussi souvent que possible.\u00bb <b><br \/>\n&#8211; Dalia Tabacman<\/b>\n\t<p>La ringuette est un sport qui rassemble v\u00e9ritablement les gens. La s\u00e9rie \u00abLes visages de la ringuette\u00bb nous donne l&rsquo;occasion de mettre en valeur notre communaut\u00e9 incroyablement diversifi\u00e9e et accueillante.<\/p>\n\t<p>Des athl\u00e8tes aux entra\u00eeneur\u00b7e\u00b7s en passant par les officiel\u00b7le\u00b7s, vous trouverez ici tous les types de passionn\u00e9\u00b7e\u00b7s de ringuette. Nous braquons \u00e9galement les projecteurs sur les arbitres, les parents et d&rsquo;autres personnes de notre communaut\u00e9 qui contribuent \u00e0 rendre notre sport accueillant et inclusif.<\/p>\n<h2>\n\t\tUn aper\u00e7u du monde de la ringuette\n\t<\/h2>\n\t\t\t\t<img decoding=\"async\" src=\"https:\/\/www.ringette.ca\/wp-content\/uploads\/2022\/01\/polaroid-faces.png\" alt=\"polaroid-faces\" itemprop=\"image\" height=\"604\" width=\"733\" title=\"polaroid-faces\" onerror=\"this.style.display='none'\"  \/>\n\t<p>Parcourez la s\u00e9rie et laissez-vous inspirer par des \u00abaccros \u00e0 vie\u00bb de la ringuette qui ont \u00e9t\u00e9 accroch\u00e9s par ce sport lorsqu&rsquo;iels \u00e9taient enfants et qui continuent \u00e0 se sentir chez elleux sur la glace. Vous rencontrerez \u00e9galement des parents et des enfants enthousiastes qui ne se lassent pas de la ringuette.<\/p>\n\t<p>Cliquez sur un nom ci-dessous pour en savoir plus sur les membres individuel\u00b7le\u00b7s de la communaut\u00e9. Nous reprenons \u00e9galement cette s\u00e9rie dans nos r\u00e9seaux sociaux et dans notre bulletin d&rsquo;information.<\/p>\n\n","protected":false},"excerpt":{"rendered":"<p>Une communaut\u00e9 diversifi\u00e9e et accueillante \u00abJe suis tellement heureuse d&rsquo;avoir commenc\u00e9 \u00e0 pratiquer ce sport formidable. Je suis \u00e9galement heureuse d&rsquo;avoir pu rencontrer tant de nouvelles filles. Nous sommes toutes tr\u00e8s proches et nous avons promis de rester en contact et de nous retrouver aussi souvent que possible.\u00bb &#8211; Dalia Tabacman La ringuette est un&hellip;<\/p>\n","protected":false},"author":2,"featured_media":0,"parent":13421,"menu_order":9,"comment_status":"closed","ping_status":"closed","template":"","meta":{"_acf_changed":false,"inline_featured_image":false,"footnotes":""},"class_list":["post-14308","page","type-page","status-publish","hentry"],"acf":[],"_links":{"self":[{"href":"https:\/\/www.ringette.ca\/fr\/wp-json\/wp\/v2\/pages\/14308","targetHints":{"allow":["GET"]}}],"collection":[{"href":"https:\/\/www.ringette.ca\/fr\/wp-json\/wp\/v2\/pages"}],"about":[{"href":"https:\/\/www.ringette.ca\/fr\/wp-json\/wp\/v2\/types\/page"}],"author":[{"embeddable":true,"href":"https:\/\/www.ringette.ca\/fr\/wp-json\/wp\/v2\/users\/2"}],"replies":[{"embeddable":true,"href":"https:\/\/www.ringette.ca\/fr\/wp-json\/wp\/v2\/comments?post=14308"}],"version-history":[{"count":0,"href":"https:\/\/www.ringette.ca\/fr\/wp-json\/wp\/v2\/pages\/14308\/revisions"}],"up":[{"embeddable":true,"href":"https:\/\/www.ringette.ca\/fr\/wp-json\/wp\/v2\/pages\/13421"}],"wp:attachment":[{"href":"https:\/\/www.ringette.ca\/fr\/wp-json\/wp\/v2\/media?parent=14308"}],"curies":[{"name":"wp","href":"https:\/\/api.w.org\/{rel}","templated":true}]}}