{"id":15389,"date":"2022-02-14T18:44:11","date_gmt":"2022-02-14T18:44:11","guid":{"rendered":"https:\/\/www.ringette.ca\/carrefour-des-ressources-covid-19\/"},"modified":"2022-03-07T13:53:22","modified_gmt":"2022-03-07T13:53:22","slug":"carrefour-des-ressources-covid-19","status":"publish","type":"page","link":"https:\/\/www.ringette.ca\/fr\/carrefour-des-ressources-covid-19\/","title":{"rendered":"CARREFOUR DES RESSOURCES \u2013 COVID-19"},"content":{"rendered":"\n\n\t<p>Cette page de ressources servira de carrefour d&rsquo;information et rassemblera toutes les ressources offertes aux participants pour les aider \u00e0 composer avec les circonstances entourant la situation actuelle de la COVID-19 en constante \u00e9volution. Nous continuerons d&rsquo;y afficher des documents ou liens externes utiles au fur et \u00e0 mesure que d&rsquo;autres renseignements sont communiqu\u00e9s.<\/p>\n<p>Nous avons rassembl\u00e9 une liste de liens et de ressources utiles pour soutenir notre communaut\u00e9 \u00e0 travers ces temps sans pr\u00e9c\u00e9dent.\u00a0\u00a0Veuillez prendre note que certains de ces liens ne repr\u00e9sentent pas les conseils ou les directives de Ringuette Canada et ne sont fournis qu&rsquo;\u00e0 titre informatif.<\/p>\n<p>Certains des renseignements dans les liens peuvent \u00eatre sp\u00e9cifiques \u00e0 une date et avec la situation changeant si\u00a0rapidement, vous devrez peut-\u00eatre rechercher les plus r\u00e9cents renseignements sur les ordres ou la l\u00e9gislation pr\u00e9sentement en vigueur.<\/p>\n<p>Si vous avez une ressource que vous avez trouv\u00e9e utile et que vous souhaitez partager avec la communaut\u00e9 de la ringuette &#8211; veuillez la faire parvenir \u00e0 frances@ringette.ca.<\/p>\n<hr \/>\n<p><strong>Documents de Ringuette Canada<\/strong><\/p>\n<p><a href=\"https:\/\/www.ringette.ca\/wp-content\/uploads\/2022\/03\/Politique-de-vaccination-obligatoire-contre-la-covid-19_Finale-Mars-2022.pdf\" target=\"_blank\" rel=\"noopener\">Politique De Vaccination Obligatoire Contre La Covid-19<\/a><\/p>\n<p><a href=\"https:\/\/www.ringette.ca\/wp-content\/uploads\/2020\/07\/Directives_nationales_retour_a_la_ringette_2020_FR.pdf\" target=\"_blank\" rel=\"noopener noreferrer\">Directives nationales pour le retour \u00e0 la ringuette (version 1.0, le 6 juillet, 2020)<\/a><\/p>\n<p><a href=\"https:\/\/www.ringette.ca\/fr\/retour-a-la-ringuette-levee-de-la-suspension-nationale-des-activites-sanctionnees\/\">Retour \u00e0 la ringuette : lev\u00e9e de la suspension nationale des activit\u00e9s sanctionn\u00e9es<\/a> &#8211; 8 juillet, 2020<\/p>\n<p><a href=\"https:\/\/www.ringette.ca\/wp-content\/uploads\/2020\/07\/Outil-devaluation-et-dattenuation-des-risques-pour-les-clubs-et-association_Ringuette-Canada.xlsx\">Outils d&rsquo;\u00e9valuation et d&rsquo;att\u00e9nuation des risques pour les clubs et associations<\/a><\/p>\n<p><a href=\"https:\/\/www.ringette.ca\/wp-content\/uploads\/2020\/07\/OFFICIELS.pdf\" target=\"_blank\" rel=\"noopener noreferrer\">Lignes directrices recommand\u00e9es aux officiels de ringuette<\/a><\/p>\n<p><a href=\"https:\/\/www.ringette.ca\/wp-content\/uploads\/2020\/08\/Retour-\u00e0-la-ringuette_-Directives-relatives-au-format-de-jeu-modifi\u00e9-v.2.pdf\">Retour \u00e0 la ringuette : Directives relatives au format de jeu modifi\u00e9 (le 12 ao\u00fbt, 2020)<\/a><\/p>\n<hr \/>\n<p><strong>Exemples d&rsquo;outils et listes de contr\u00f4les de Ringuette Canada<\/strong><\/p>\n<p><a href=\"https:\/\/www.ringette.ca\/wp-content\/uploads\/2020\/07\/Questionnaire-pour-les-ar\u00e9nas.pdf\" target=\"_blank\" rel=\"noopener noreferrer\">Exemple de questionnaire pour consultation avec les installations<\/a> (remplissable \u00e0 l&rsquo;\u00e9cran) &#8211; le 3 juillet, 2020<\/p>\n<p><a href=\"https:\/\/www.ringette.ca\/wp-content\/uploads\/2020\/07\/Mod\u00e8le-pour-le-suivi-de-pr\u00e9sence-lors-d\u2019activit\u00e9s-de-ringuette-sanctionn\u00e9es.pdf\" target=\"_blank\" rel=\"noopener noreferrer\">Mod\u00e8le pour le suivi de pr\u00e9sence lors d&rsquo;entrainement sanctionn\u00e9es<\/a> (remplissable \u00e0 l&rsquo;\u00e9cran) &#8211; le 3 juillet, 2020<\/p>\n<p><a href=\"https:\/\/www.ringette.ca\/wp-content\/uploads\/2020\/07\/Liste-de-verification-pour-associations_clubs.pdf\" target=\"_blank\" rel=\"noopener noreferrer\">Liste de v\u00e9rification pour les associations et clubs<\/a> (remplissable \u00e0 l&rsquo;\u00e9cran) &#8211; le 3 juillet, 2020<\/p>\n<p><a href=\"https:\/\/www.ringette.ca\/wp-content\/uploads\/2020\/07\/Roles-and-Responsibilities-French-Final.pdf\" target=\"_blank\" rel=\"noopener noreferrer\">Liste de v\u00e9rification r\u00f4les et responsabilit\u00e9s<\/a> &#8211; le 23 juillet, 2020<\/p>\n<p><a href=\"https:\/\/www.ringette.ca\/wp-content\/uploads\/2020\/07\/Liste-de-contr\u00f4le-pour-l\u2019hygi\u00e8ne.pdf\" target=\"_blank\" rel=\"noopener noreferrer\">Liste de v\u00e9rification &#8211; Hygi\u00e8ne<\/a> &#8211; le 23 juillet, 2020<\/p>\n<p><a href=\"https:\/\/www.ringette.ca\/wp-content\/uploads\/2020\/07\/PROC\u00c9DURES-RECOMMAND\u00c9ES-POUR-UNE-MALADIE-NON-LI\u00c9E-\u00c0-UNE-BLESSURE.pdf\" target=\"_blank\" rel=\"noopener noreferrer\">Proc\u00e9dures recommand\u00e9es pour maladie (non li\u00e9e \u00e0 une blessure)<\/a> &#8211; le 10 juillet, 2020<\/p>\n<p><a href=\"https:\/\/coach.ca\/sites\/default\/files\/2020-05\/Regle%20de%20Deux%20dans%20un%20cadre%20virtuel.pdf\" target=\"_blank\" rel=\"noopener noreferrer\">L&rsquo;application de la R\u00e9gle de deux dans un cadre virtuel<\/a><\/p>\n<p><a href=\"https:\/\/truesportpur.ca\/sites\/default\/files\/content\/docs\/pdf\/safereturntosportguide-french.pdf\" target=\"_blank\" rel=\"noopener noreferrer\">Retour s\u00e9curitaire au sport communautaire : le guide Sport pur pour les parents et gardiens<\/a><\/p>\n<p><a href=\"https:\/\/www.ringette.ca\/wp-content\/uploads\/2020\/08\/Utilisation-de-l\u00e9quipement-de-protection-individuelle-EPI-lors-de-la-prise-en-charge-dun-sportif-bless\u00e9.docx.pdf\" target=\"_blank\" rel=\"noopener noreferrer\">Utilisation de l&rsquo;\u00e9quipement de protection individuelle (EPI) lors de la prise en charge d&rsquo;un sportif bless\u00e9<\/a><\/p>\n<p><a href=\"https:\/\/docs.google.com\/document\/d\/e\/2PACX-1vQRejcJhPgKusR1AscNUFaaIDOqmmTH-zsqAMc6K5bLcfC1bEhL2qGJJBRIokxxAKryJW5HKLHpBFu0\/pub\">FAQ<\/a><\/p>\n<hr \/>\n<p><strong>Nouvelles et articles de Ringuette Canada<\/strong><\/p>\n<p><a href=\"https:\/\/www.ringette.ca\/wp-content\/uploads\/2022\/03\/Politique-de-vaccination-obligatoire-contre-la-covid-19_Finale-Mars-2022.pdf\" target=\"_blank\" rel=\"noopener\">Politique De Vaccination Obligatoire Contre La Covid-19<\/a><\/p>\n<p><a href=\"https:\/\/www.ringette.ca\/fr\/un-test-de-notre-patience-et-de-notre-resilience-le-point-sur-le-championnat-canadien-de-ringuette-de-2021\/\">Un test de notre patience et de notre r\u00e9silience: Le point sur le Championnat canadien de ringuette de 2021- le 18 sept, 2020<\/a><\/p>\n<p><a href=\"https:\/\/www.ringette.ca\/fr\/consequences-graves-pour-les-activites-de-ringuette-non-sanctionnees\/\">Cons\u00e9quences graves pour les activit\u00e9s de ringuette non sanctionn\u00e9es &#8211; le 17 sept, 2020<\/a><\/p>\n<p><a href=\"https:\/\/www.ringette.ca\/fr\/retour-a-la-ringuette-le-5-juin\/\">Retour \u00e0 la ringuette &#8211; le 5 juin, 2020<\/a><\/p>\n<p><a href=\"https:\/\/www.ringette.ca\/fr\/retour-a-la-ringuette-une-mise-a-jour-de-ringuette-canada\/\">Retour \u00e0 la ringuette &#8211; le 29 mai, 2020<\/a><\/p>\n<p><a href=\"https:\/\/www.ringette.ca\/fr\/bulletin-covid-19-mise-a-jour\/\">Bulletin covid-19 mise a jour &#8211; le 13 mars, 2020<\/a><\/p>\n<p><a href=\"https:\/\/www.ringette.ca\/fr\/ringuette-canada-covid-19-coronavirus-au-canada\/\">Ringuette Canada COVID-19 (coronavirus) au Canada &#8211; le 9 mars, 2020<\/a><\/p>\n<hr \/>\n<p><strong>Associations Provinciales de Ringuette<\/strong><\/p>\n<p>Veuillez suivre un des liens ci-dessous pour conna\u00eetre le plan de relance de chaque association provinciale qui doit \u00eatre appliqu\u00e9 de concert avec le protocole g\u00e9n\u00e9ral des Directives nationales pour le retour \u00e0 la ringuette de Ringuette Canada. Ces documents fourniront des informations suppl\u00e9mentaires sp\u00e9cifiques aux provinces:<\/p>\n<p><a href=\"https:\/\/www.ringettebc.ca\/resources\/covid-19-ringette-bc-resources\/\" target=\"_blank\" rel=\"noopener noreferrer\">Ringuette BC<\/a><\/p>\n<p><a href=\"https:\/\/ringettealberta.com\/\" target=\"_blank\" rel=\"noopener noreferrer\">Ringuette Alberta<\/a><\/p>\n<p><a href=\"http:\/\/www.ringettesask.com\/covid-19-resource-hub\/\" target=\"_blank\" rel=\"noopener noreferrer\">Ringuette Saskatchewan<\/a><\/p>\n<p><a href=\"https:\/\/ringettemanitoba.ca\/\" target=\"_blank\" rel=\"noopener noreferrer\">Ringuette Manitoba<\/a><\/p>\n<p><a href=\"https:\/\/ringetteontario.com\/home-page\/about-us\/rtp-faq\/\" target=\"_blank\" rel=\"noopener noreferrer\">Ringuette Ontario<\/a><\/p>\n<p><a href=\"http:\/\/www.ringuette-quebec.qc.ca\/\" target=\"_blank\" rel=\"noopener noreferrer\">Ringuette Quebec<\/a><\/p>\n<p><a href=\"http:\/\/ringette-nb.com\/page.php?page_id=121866\">Ringuette New Brunswick<\/a><\/p>\n<p><a href=\"http:\/\/ringette.ns.ca\/\" target=\"_blank\" rel=\"noopener noreferrer\">Ringuette NS<\/a><\/p>\n<p><a href=\"http:\/\/ringettepei.ca\/index.php\" target=\"_blank\" rel=\"noopener noreferrer\">Ringuette PEI<\/a><\/p>\n<hr \/>\n<p><strong>Sant\u00e9 Mental<\/strong><\/p>\n<p><a href=\"https:\/\/www.ringette.ca\/wp-content\/uploads\/2020\/08\/Courageous-Conversation-Note-FR.pdf\" target=\"_blank\" rel=\"noopener noreferrer\">Une Conversation Courageuse Avec Les Entra\u00eeneurs\u00a0: Un Retour Holistique Au Sport<\/a><\/p>\n<p><a href=\"https:\/\/www.ccmhs-ccsms.ca\/covid19\" target=\"_blank\" rel=\"noopener noreferrer\">Centre canadien de la sant\u00e9 mentale et du sport (ressources disponibles en fran\u00e7ais et en anglais)<\/a><\/p>\n<p><a href=\"https:\/\/sirc.ca\/fr\/blogue\/les-implications-psychologiques-du-retour-au-sport-apres-lisolement\/\" target=\"_blank\" rel=\"noopener noreferrer\">Les implications psychologiques du retour au sport apr\u00e8s l&rsquo;isolement<\/a><\/p>\n<hr \/>\n<p><strong>Gouvernement du Canada<\/strong><\/p>\n<p><a href=\"https:\/\/www.canada.ca\/fr\/sante-publique\/services\/maladies\/maladie-coronavirus-covid-19.html\" target=\"_blank\" rel=\"noopener noreferrer\">Site web COVID-19<\/a><\/p>\n<p><a href=\"https:\/\/www.canada.ca\/fr\/sante-publique\/services\/maladies\/maladie-coronavirus-covid-19\/outils-numeriques.html\" target=\"_blank\" rel=\"noopener noreferrer\">Outils num\u00e9riques pour la COVID-19<\/a><\/p>\n<p><a href=\"https:\/\/www.canada.ca\/fr\/sante-publique\/services\/maladies\/2019-nouveau-coronavirus\/ressources-sensibilisation.html\" target=\"_blank\" rel=\"noopener noreferrer\">Ressources de sensibilisation<\/a><\/p>\n<p><a href=\"https:\/\/ca.thrive.health\/\" target=\"_blank\" rel=\"noopener noreferrer\">Application de COVID-19 du Canada et outil d&rsquo;auto-\u00e9valuation<\/a><\/p>\n<p><a href=\"https:\/\/www.canada.ca\/fr\/sante-publique\/services\/publications\/maladies-et-affections\/nettoyage-desinfection-espaces-publics.html\" target=\"_blank\" rel=\"noopener noreferrer\">Nettoyage et d\u00e9sinfection des espaces publics pendant la COVID-19<\/a><\/p>\n<hr \/>\n<p><b>Conseils de notre ma\u00eetre entra\u00eeneur int\u00e9gr\u00e9 &#8211; Dina Bell-Laroche<\/b><\/p>\n<p>Son Blog (Anglais): <a href=\"https:\/\/sportlaw.ca\/finding-meaning-through-grief\/\">https:\/\/sportlaw.ca\/finding-meaning-through-grief\/<\/a><\/p>\n<p><a href=\"https:\/\/www.youtube.com\/watch?v=5L1gIz4cFXk\" target=\"_blank\" rel=\"noopener noreferrer\">Video (Anglais)<\/a><\/p>\n<p>A Helpful read:<\/p>\n<p><a href=\"https:\/\/hbr.org\/2020\/03\/that-discomfort-youre-feeling-is-grief?fbclid=IwAR0SuAdkKCYB4313uXKLCIwBsS_j4AtChOmv4QrrRI-sOWspU68O1E4q8jA\">https:\/\/hbr.org\/2020\/03\/that-discomfort-youre-feeling-is-grief?fbclid=IwAR0SuAdkKCYB4313uXKLCIwBsS_j4AtChOmv4QrrRI-sOWspU68O1E4q8jA<\/a><\/p>\n<hr \/>\n<p><strong>Ressources Externes<\/strong><\/p>\nVous \u00eates responsables de comprendre et de respecter les ordres et la l\u00e9gislation sp\u00e9cifique pour votre juridiction.\u00a0Veuillez communiquer avec vos gouvernements locaux, provinciaux et f\u00e9d\u00e9ral pour confirmer tout renseignement ou si vous avez des questions concernant les renseignements contenus dans les liens.\nNous encourageons toute notre collectivit\u00e9 des sports nautiques tract\u00e9s \u00e0 suivre les recommandations du gouvernement du Canada, de l&rsquo;Agence de sant\u00e9 publique du Canada (ASPC), de l&rsquo;Organisation mondiale de la sant\u00e9 (OMS) et des gouvernements provinciaux \/ territoriaux dans un effort collectif pour freiner la COVID-19 et aplatir la courbe.\n\n","protected":false},"excerpt":{"rendered":"<p>Cette page de ressources servira de carrefour d&rsquo;information et rassemblera toutes les ressources offertes aux participants pour les aider \u00e0 composer avec les circonstances entourant la situation actuelle de la COVID-19 en constante \u00e9volution. Nous continuerons d&rsquo;y afficher des documents ou liens externes utiles au fur et \u00e0 mesure que d&rsquo;autres renseignements sont communiqu\u00e9s. Nous&hellip;<\/p>\n","protected":false},"author":2,"featured_media":0,"parent":0,"menu_order":0,"comment_status":"closed","ping_status":"closed","template":"","meta":{"_acf_changed":false,"inline_featured_image":false,"footnotes":""},"class_list":["post-15389","page","type-page","status-publish","hentry"],"acf":[],"_links":{"self":[{"href":"https:\/\/www.ringette.ca\/fr\/wp-json\/wp\/v2\/pages\/15389","targetHints":{"allow":["GET"]}}],"collection":[{"href":"https:\/\/www.ringette.ca\/fr\/wp-json\/wp\/v2\/pages"}],"about":[{"href":"https:\/\/www.ringette.ca\/fr\/wp-json\/wp\/v2\/types\/page"}],"author":[{"embeddable":true,"href":"https:\/\/www.ringette.ca\/fr\/wp-json\/wp\/v2\/users\/2"}],"replies":[{"embeddable":true,"href":"https:\/\/www.ringette.ca\/fr\/wp-json\/wp\/v2\/comments?post=15389"}],"version-history":[{"count":0,"href":"https:\/\/www.ringette.ca\/fr\/wp-json\/wp\/v2\/pages\/15389\/revisions"}],"wp:attachment":[{"href":"https:\/\/www.ringette.ca\/fr\/wp-json\/wp\/v2\/media?parent=15389"}],"curies":[{"name":"wp","href":"https:\/\/api.w.org\/{rel}","templated":true}]}}