{"id":15934,"date":"2022-02-18T21:41:50","date_gmt":"2022-02-18T21:41:50","guid":{"rendered":"https:\/\/www.ringette.ca\/a-propos-de-nous\/travailler-avec-nous\/"},"modified":"2025-10-22T13:41:29","modified_gmt":"2025-10-22T13:41:29","slug":"partenaires","status":"publish","type":"page","link":"https:\/\/www.ringette.ca\/fr\/a-propos-de-nous\/partenaires\/","title":{"rendered":"Partenaires"},"content":{"rendered":"\n\n\t\t\t\t<img decoding=\"async\" src=\"https:\/\/www.ringette.ca\/wp-content\/uploads\/2022\/03\/work-with-us-1.jpg\" alt=\"work-with-us\" itemprop=\"image\" height=\"957\" width=\"1920\" title=\"work-with-us\" onerror=\"this.style.display='none'\" loading='lazy' \/>\n\n\t<p>Les statistiques ne mentent pas &#8211; les sports f\u00e9minins sont l\u00e0 pour rester. Soutenez notre h\u00e9ritage tout en consolidant le v\u00f4tre.<\/p>\n<p><strong>Nous nous engageons \u00e0 vous mettre en contact avec le bon programme et \u00e0 vous aider \u00e0 atteindre les objectifs de votre organisation.<\/strong><\/p>\n\t<lite-youtube params=\"modestbranding=1&#038;rel=0&#038;autoplay=1&#038;loop=1&#038;enablejsapi=1\" videoid=\"C_JDHaEmgG4\"><\/lite-youtube>\n\t<h2>\u00a0Partenaires actuels<\/h2>\n\t\t\t\t<img decoding=\"async\" src=\"https:\/\/www.ringette.ca\/wp-content\/uploads\/2024\/10\/ATHENA-by-WINNWELL-rev2-07-2-1.jpg\" alt=\"WINNWELL rev2\" itemprop=\"image\" height=\"528\" width=\"1920\" title=\"WINNWELL rev2\" onerror=\"this.style.display='none'\" loading='lazy' \/>\n\t\t\t\t<a href=\"https:\/\/sportspay.com\/\"  target=\"_self\" itemprop=\"url\">\n\t\t\t\t<img decoding=\"async\" src=\"https:\/\/www.ringette.ca\/wp-content\/uploads\/2025\/05\/SportsPayCMYK_24-900px.jpg\" alt=\"Sports Pay logo, which reads Sports Pay in blue font\" itemprop=\"image\" height=\"225\" width=\"900\" title=\"SportsPayCMYK_24-900px\" onerror=\"this.style.display='none'\" loading='lazy' \/>\n\t\t\t\t<\/a>\n\t<h2>Travaillez avec nous !<\/h2>\n<p>Remplissez vos coordonn\u00e9es ci-dessous et nous vous r\u00e9pondrons dans les plus brefs d\u00e9lais.<\/p>\n\t\n<div class=\"wpcf7 no-js\" id=\"wpcf7-f15944-o1\" lang=\"fr-FR\" dir=\"ltr\" data-wpcf7-id=\"15944\">\n<div class=\"screen-reader-response\"><p role=\"status\" aria-live=\"polite\" aria-atomic=\"true\"><\/p> <ul><\/ul><\/div>\n<form action=\"\/fr\/wp-json\/wp\/v2\/pages\/15934#wpcf7-f15944-o1\" method=\"post\" class=\"wpcf7-form init\" aria-label=\"Formulaire de contact\" novalidate=\"novalidate\" data-status=\"init\">\n<fieldset class=\"hidden-fields-container\"><input type=\"hidden\" name=\"_wpcf7\" value=\"15944\" \/><input type=\"hidden\" name=\"_wpcf7_version\" value=\"6.1\" \/><input type=\"hidden\" name=\"_wpcf7_locale\" value=\"fr_FR\" \/><input type=\"hidden\" name=\"_wpcf7_unit_tag\" value=\"wpcf7-f15944-o1\" \/><input type=\"hidden\" name=\"_wpcf7_container_post\" value=\"0\" \/><input type=\"hidden\" name=\"_wpcf7_posted_data_hash\" value=\"\" \/><input type=\"hidden\" name=\"_wpcf7cf_hidden_group_fields\" value=\"[]\" \/><input type=\"hidden\" name=\"_wpcf7cf_hidden_groups\" value=\"[]\" \/><input type=\"hidden\" name=\"_wpcf7cf_visible_groups\" value=\"[]\" \/><input type=\"hidden\" name=\"_wpcf7cf_repeaters\" value=\"[]\" \/><input type=\"hidden\" name=\"_wpcf7cf_steps\" value=\"{}\" \/><input type=\"hidden\" name=\"_wpcf7cf_options\" value=\"{&quot;form_id&quot;:15944,&quot;conditions&quot;:[],&quot;settings&quot;:{&quot;animation&quot;:&quot;yes&quot;,&quot;animation_intime&quot;:200,&quot;animation_outtime&quot;:200,&quot;conditions_ui&quot;:&quot;normal&quot;,&quot;notice_dismissed&quot;:false,&quot;notice_dismissed_rollback-cf7-5.8.3&quot;:true}}\" \/><input type=\"hidden\" name=\"_wpcf7_recaptcha_response\" value=\"\" \/>\n<\/fieldset>\n<div class=\"column-group form-group\">\n\t<div class=\"all-50\">\n\t<div class=\"field-surround\">\n\t\t<label class=\"label\" for=\"fullname\">Nom *<\/label><span class=\"wpcf7-form-control-wrap\" data-name=\"fullname\"><input size=\"40\" maxlength=\"400\" class=\"wpcf7-form-control wpcf7-text wpcf7-validates-as-required all-100\" id=\"fullname\" aria-required=\"true\" aria-invalid=\"false\" value=\"\" type=\"text\" name=\"fullname\" \/><\/span>\n\t<\/div>\n\t<\/div>\n\t<div class=\"all-50\">\n\t<div class=\"field-surround\">\n\t\t<label class=\"label\" for=\"role\">R\u00f4le<\/label><span class=\"wpcf7-form-control-wrap\" data-name=\"role\"><input size=\"40\" maxlength=\"400\" class=\"wpcf7-form-control wpcf7-text all-100\" id=\"role\" aria-invalid=\"false\" value=\"\" type=\"text\" name=\"role\" \/><\/span>\n\t<\/div>\n\t<\/div>\n\t<div class=\"all-50\">\n\t<div class=\"field-surround\">\n\t\t<label class=\"label\" for=\"organization\">Organisation *<\/label><span class=\"wpcf7-form-control-wrap\" data-name=\"organization\"><input size=\"40\" maxlength=\"400\" class=\"wpcf7-form-control wpcf7-text wpcf7-validates-as-required all-100\" id=\"organization\" aria-required=\"true\" aria-invalid=\"false\" value=\"\" type=\"text\" name=\"organization\" \/><\/span>\n\t<\/div>\n\t<\/div>\n\t<div class=\"all-50\">\n\t<div class=\"field-surround\">\n\t\t<label class=\"label\" for=\"email_\">Courriel *<\/label><span class=\"wpcf7-form-control-wrap\" data-name=\"email_\"><input size=\"40\" maxlength=\"400\" class=\"wpcf7-form-control wpcf7-email wpcf7-validates-as-required wpcf7-text wpcf7-validates-as-email all-100\" id=\"email_\" aria-required=\"true\" aria-invalid=\"false\" value=\"\" type=\"email\" name=\"email_\" \/><\/span>\n\t<\/div>\n\t<\/div>\n\t<div class=\"all-100\">\n\t<div class=\"field-surround\">\n\t\t<label class=\"label\" for=\"contactnum\">Num\u00e9ro de contact\n<\/label><span class=\"wpcf7-form-control-wrap\" data-name=\"contactnum\"><input size=\"40\" maxlength=\"400\" class=\"wpcf7-form-control wpcf7-tel wpcf7-text wpcf7-validates-as-tel all-100\" id=\"contactnum\" aria-invalid=\"false\" value=\"\" type=\"tel\" name=\"contactnum\" \/><\/span>\n\t<\/div>\n\t<\/div>\n        <div class=\"all-100\">\n\t<div class=\"field-margin above\">\n                <p>Qu'est-ce qui vous int\u00e9resse? *<\/p>\n\t\t<span class=\"wpcf7-form-control-wrap\" data-name=\"interest\"><span class=\"wpcf7-form-control wpcf7-checkbox wpcf7-validates-as-required interest\"><span class=\"wpcf7-list-item first\"><label><input type=\"checkbox\" name=\"interest[]\" value=\"Partenariat g\u00e9n\u00e9ral\" \/><span class=\"wpcf7-list-item-label\">Partenariat g\u00e9n\u00e9ral<\/span><\/label><\/span><span class=\"wpcf7-list-item\"><label><input type=\"checkbox\" name=\"interest[]\" value=\"Programmes communautaires\" \/><span class=\"wpcf7-list-item-label\">Programmes communautaires<\/span><\/label><\/span><span class=\"wpcf7-list-item\"><label><input type=\"checkbox\" name=\"interest[]\" value=\"Joindre un groupe d&#039;\u00e2ge sp\u00e9cifique\" \/><span class=\"wpcf7-list-item-label\">Joindre un groupe d&#039;\u00e2ge sp\u00e9cifique<\/span><\/label><\/span><span class=\"wpcf7-list-item\"><label><input type=\"checkbox\" name=\"interest[]\" value=\"Joindre le personnel\" \/><span class=\"wpcf7-list-item-label\">Joindre le personnel<\/span><\/label><\/span><span class=\"wpcf7-list-item last\"><label><input type=\"checkbox\" name=\"interest[]\" value=\"Autre\" \/><span class=\"wpcf7-list-item-label\">Autre<\/span><\/label><\/span><\/span><\/span>\n\t<\/div>\n\t<\/div>\n\t<div class=\"all-100\">\n\t<div class=\"field-surround\">\n\t\t<label class=\"label\" for=\"message\">Message<\/label><span class=\"wpcf7-form-control-wrap\" data-name=\"message\"><textarea cols=\"40\" rows=\"10\" maxlength=\"2000\" class=\"wpcf7-form-control wpcf7-textarea wpcf7-validates-as-required all-100\" id=\"message\" aria-required=\"true\" aria-invalid=\"false\" name=\"message\"><\/textarea><\/span>\n\t<\/div>\n\t<\/div>\n\t<div class=\"all-100\">\n\t<div class=\"field-margin recaptcha-message\">\n\t\tCe site est prot\u00e9g\u00e9 par reCAPTCHA et la <a href=\"https:\/\/policies.google.com\/privacy?hl=fr-ca\">politique de confidentialit\u00e9 <\/a> et <a href=\"https:\/\/policies.google.com\/terms?hl=fr-ca\">les conditions d'utilisation <\/a> de Google s'appliquent.\n\t<\/div>\n\t<\/div>\n\t<div class=\"all-100\">\n\t<div class=\"field-margin\">\n\t\t<div class=\"wpcf7-response-output\" aria-hidden=\"true\"><\/div>\n\t\t<input class=\"wpcf7-form-control wpcf7-submit has-spinner\" type=\"submit\" value=\"Envoyer\" \/>\n\t<\/div>\n\t<\/div>\n<\/div>\n<\/form>\n<\/div>\n\n\n","protected":false},"excerpt":{"rendered":"<p>Les statistiques ne mentent pas &#8211; les sports f\u00e9minins sont l\u00e0 pour rester. Soutenez notre h\u00e9ritage tout en consolidant le v\u00f4tre. Nous nous engageons \u00e0 vous mettre en contact avec le bon programme et \u00e0 vous aider \u00e0 atteindre les objectifs de votre organisation. \u00a0Partenaires actuels Travaillez avec nous ! Remplissez vos coordonn\u00e9es ci-dessous et&hellip;<\/p>\n","protected":false},"author":2,"featured_media":0,"parent":13458,"menu_order":0,"comment_status":"closed","ping_status":"closed","template":"","meta":{"_acf_changed":false,"inline_featured_image":false,"footnotes":""},"class_list":["post-15934","page","type-page","status-publish","hentry"],"acf":[],"_links":{"self":[{"href":"https:\/\/www.ringette.ca\/fr\/wp-json\/wp\/v2\/pages\/15934","targetHints":{"allow":["GET"]}}],"collection":[{"href":"https:\/\/www.ringette.ca\/fr\/wp-json\/wp\/v2\/pages"}],"about":[{"href":"https:\/\/www.ringette.ca\/fr\/wp-json\/wp\/v2\/types\/page"}],"author":[{"embeddable":true,"href":"https:\/\/www.ringette.ca\/fr\/wp-json\/wp\/v2\/users\/2"}],"replies":[{"embeddable":true,"href":"https:\/\/www.ringette.ca\/fr\/wp-json\/wp\/v2\/comments?post=15934"}],"version-history":[{"count":0,"href":"https:\/\/www.ringette.ca\/fr\/wp-json\/wp\/v2\/pages\/15934\/revisions"}],"up":[{"embeddable":true,"href":"https:\/\/www.ringette.ca\/fr\/wp-json\/wp\/v2\/pages\/13458"}],"wp:attachment":[{"href":"https:\/\/www.ringette.ca\/fr\/wp-json\/wp\/v2\/media?parent=15934"}],"curies":[{"name":"wp","href":"https:\/\/api.w.org\/{rel}","templated":true}]}}