{"id":31855,"date":"2023-05-16T13:17:45","date_gmt":"2023-05-16T13:17:45","guid":{"rendered":"https:\/\/www.ringette.ca\/?page_id=31855"},"modified":"2025-08-27T17:19:57","modified_gmt":"2025-08-27T17:19:57","slug":"ensemble-de-politiques-sur-le-sport-securitaire","status":"publish","type":"page","link":"https:\/\/www.ringette.ca\/fr\/sport-securitaire\/ensemble-de-politiques-sur-le-sport-securitaire\/","title":{"rendered":"Ensemble de politiques sur le sport s\u00e9curitaire"},"content":{"rendered":"\n<h1>\n\t\t\tEnsemble de politiques sur le sport s\u00e9curitaire\t<\/h1>\n\t<p>Afin de s&rsquo;assurer que les politiques demeurent \u00e0 jour et qu&rsquo;elles sont conformes au Code universel de conduite contre les mauvais traitements dans le sport (CUPTM), Ringuette Canada, en partenariat avec le Groupe du droit et de la strat\u00e9gie du sport (GDSS), a proc\u00e9d\u00e9 \u00e0 un examen ind\u00e9pendant des politiques, ce qui a donn\u00e9 lieu \u00e0 l&rsquo;adoption d&rsquo;un ensemble mis \u00e0 jour de politiques sur le sport s\u00e9curitaire.<\/p>\n<p>Ringuette Canada s&rsquo;engage \u00e0 examiner et \u00e0 r\u00e9viser ces politiques aussi souvent que n\u00e9cessaire afin de s&rsquo;assurer que les membres peuvent participer \u00e0 un environnement sportif exempt d&rsquo;abus, de harc\u00e8lement ou de discrimination.<\/p>\n<ul>\n<li><a href=\"https:\/\/www.ringette.ca\/wp-content\/uploads\/2023\/05\/Politique-en-matiere-dappel.pdf\">Politique-en-mati\u00e8re-d&rsquo;appel<\/a><\/li>\n<li><a href=\"https:\/\/www.ringette.ca\/wp-content\/uploads\/2023\/05\/Politique-de-protection-des-athletes.pdf\">Politique de protection des athl\u00e8tes<\/a><\/li>\n<li><a href=\"https:\/\/www.ringette.ca\/wp-content\/uploads\/2025\/05\/PolicySS-01_2025_Codedeconduiteetdethique_FR.pdf\">Code de conduite et d&rsquo;\u00e9thique<\/a><\/li>\n<li><a href=\"https:\/\/www.ringette.ca\/wp-content\/uploads\/2024\/09\/PolicySS-09_2024_Politique-de-prevention-et-de-gestion-des-commotions-cerebrales_FR.pdf\">Politique de pr\u00e9vention et de gestion des commotions c\u00e9r\u00e9brales<\/a><\/li>\n<li><a href=\"https:\/\/www.ringette.ca\/wp-content\/uploads\/2025\/08\/PolicySS-03_2025_Disciplineetdeplaintes_FR.docx.pdf\">Politique en mati\u00e8re de discipline et de plaintes<\/a><\/li>\n<li><a href=\"https:\/\/www.ringette.ca\/wp-content\/uploads\/2023\/05\/Politique-de-reciprocite.pdf\">Politique-de-r\u00e9ciprocit\u00e9<\/a><\/li>\n<li><a href=\"https:\/\/www.ringette.ca\/wp-content\/uploads\/2023\/05\/Politique-et-plan-de-gestion-des-risques.pdf\">Politique et plan de gestion des risques<\/a><\/li>\n<li><a href=\"https:\/\/www.ringette.ca\/wp-content\/uploads\/2025\/05\/PolicyGOV-05_2025_Filtrage_FR.pdf\">Politique de filtrage<\/a><\/li>\n<li><a href=\"https:\/\/www.ringette.ca\/wp-content\/uploads\/2023\/05\/Politique-relative-aux-medias-de-communication-sociale-et-electronique.pdf\">Politique relative aux m\u00e9dias de communication sociale et \u00e9lectronique<\/a><\/li>\n<li><a href=\"https:\/\/www.ringette.ca\/wp-content\/uploads\/2023\/05\/Declaration-sur-le-sport-securitaire.pdf\">D\u00e9claration sur le sport s\u00e9curitaire<\/a><\/li>\n<li><a href=\"https:\/\/cces.ca\/fr\/publications-sur-le-sport-securitaire\">Code de conduite universel pour pr\u00e9venir et contrer la maltraitance dans le sport\u00a0<\/a><\/li>\n<li><a href=\"https:\/\/www.ringette.ca\/wp-content\/uploads\/2025\/05\/PolicySS-07_2025_Denonciation-_FR.pdf\">Politique de d\u00e9nonciation<\/a><\/li>\n<\/ul>\n\n","protected":false},"excerpt":{"rendered":"<p>Ensemble de politiques sur le sport s\u00e9curitaire Afin de s&rsquo;assurer que les politiques demeurent \u00e0 jour et qu&rsquo;elles sont conformes au Code universel de conduite contre les mauvais traitements dans le sport (CUPTM), Ringuette Canada, en partenariat avec le Groupe du droit et de la strat\u00e9gie du sport (GDSS), a proc\u00e9d\u00e9 \u00e0 un examen ind\u00e9pendant&hellip;<\/p>\n","protected":false},"author":4,"featured_media":0,"parent":14042,"menu_order":3,"comment_status":"closed","ping_status":"closed","template":"","meta":{"_acf_changed":false,"inline_featured_image":false,"footnotes":""},"class_list":["post-31855","page","type-page","status-publish","hentry"],"acf":[],"_links":{"self":[{"href":"https:\/\/www.ringette.ca\/fr\/wp-json\/wp\/v2\/pages\/31855","targetHints":{"allow":["GET"]}}],"collection":[{"href":"https:\/\/www.ringette.ca\/fr\/wp-json\/wp\/v2\/pages"}],"about":[{"href":"https:\/\/www.ringette.ca\/fr\/wp-json\/wp\/v2\/types\/page"}],"author":[{"embeddable":true,"href":"https:\/\/www.ringette.ca\/fr\/wp-json\/wp\/v2\/users\/4"}],"replies":[{"embeddable":true,"href":"https:\/\/www.ringette.ca\/fr\/wp-json\/wp\/v2\/comments?post=31855"}],"version-history":[{"count":0,"href":"https:\/\/www.ringette.ca\/fr\/wp-json\/wp\/v2\/pages\/31855\/revisions"}],"up":[{"embeddable":true,"href":"https:\/\/www.ringette.ca\/fr\/wp-json\/wp\/v2\/pages\/14042"}],"wp:attachment":[{"href":"https:\/\/www.ringette.ca\/fr\/wp-json\/wp\/v2\/media?parent=31855"}],"curies":[{"name":"wp","href":"https:\/\/api.w.org\/{rel}","templated":true}]}}