{"id":42939,"date":"2023-08-30T17:16:24","date_gmt":"2023-08-30T17:16:24","guid":{"rendered":"https:\/\/www.ringette.ca\/?page_id=42939"},"modified":"2025-08-20T16:54:32","modified_gmt":"2025-08-20T16:54:32","slug":"programme-de-developpement-international-des-moins-de-18-ans","status":"publish","type":"page","link":"https:\/\/www.ringette.ca\/fr\/athletes\/equipe-canada\/programme-de-developpement-international-des-moins-de-18-ans\/","title":{"rendered":"U18 Development Program"},"content":{"rendered":"\n\n\t\t\t\t<img decoding=\"async\" src=\"https:\/\/www.ringette.ca\/wp-content\/uploads\/2022\/02\/jnt.jpg\" alt=\"jnt\" itemprop=\"image\" height=\"1064\" width=\"1920\" title=\"jnt\" onerror=\"this.style.display='none'\" loading='lazy' \/>\n<h1>\n\t\t\tProgramme de d\u00e9veloppement U18\t<\/h1>\n\t<h2>Passez au niveau sup\u00e9rieur<\/h2>\n<p>Notre programme de d\u00e9veloppement pour les moins de 18 ans est compos\u00e9 des meilleur.e.s athl\u00e8tes de moins de 18 ans de tout le Canada. Les athl\u00e8tes seront s\u00e9lectionn\u00e9s en fonction du d\u00e9pistage des Jeux d&rsquo;hiver du Canada, des CRC et de la programmation provinciale pour cette occasion de d\u00e9veloppement international.<\/p>\n<p>L&rsquo;\u00e9preuve des moins de 18 ans de Ringuette Canada est le point d&rsquo;entr\u00e9e des athl\u00e8tes dans la voie de la haute performance sur la sc\u00e8ne internationale.<\/p>\n<p>Cette vitrine de d\u00e9veloppement pour les moins de 18 ans donne aux athl\u00e8tes l&rsquo;occasion de perfectionner leurs habilet\u00e9s dans un environnement de haute performance.<\/p>\n<p>L&rsquo;objectif est de pr\u00e9senter aux joueurs les caract\u00e9ristiques, les attentes et le style de vie d&rsquo;un athl\u00e8te de haut niveau.<\/p>\n<p>&nbsp;<\/p>\n\t<h2>Programme de d\u00e9veloppement des moins de 18 ans<\/h2>\n\t\t\t\t<img decoding=\"async\" src=\"https:\/\/www.ringette.ca\/wp-content\/uploads\/2025\/08\/Lea-Beaudoin.png\" alt=\"Lea Beaudoin\" itemprop=\"image\" height=\"300\" width=\"208\" title=\"Lea Beaudoin\" onerror=\"this.style.display='none'\" loading='lazy' \/>\n\t\t<h3>Marylou Babin #22<\/h3>\u00c9quipe: Rive-Sud Revolution<br \/>\nVille d&rsquo;origine: Boucherville, QC\n\t\t\t\t<img decoding=\"async\" src=\"https:\/\/www.ringette.ca\/wp-content\/uploads\/2025\/08\/Emily-Barteaux.png\" alt=\"Emily Barteaux\" itemprop=\"image\" height=\"300\" width=\"208\" title=\"Emily Barteaux\" onerror=\"this.style.display='none'\" loading='lazy' \/>\n\t\t<h3>Emily Barteaux #3<\/h3>\u00c9quipe: Eastern Ontario Force<br \/>\nVille d&rsquo;origine: Kanata, ON\n\t\t\t\t<img decoding=\"async\" src=\"https:\/\/www.ringette.ca\/wp-content\/uploads\/2025\/08\/Marylou-Babin.png\" alt=\"Marylou Babin\" itemprop=\"image\" height=\"300\" width=\"208\" title=\"Marylou Babin\" onerror=\"this.style.display='none'\" loading='lazy' \/>\n\t\t<h3>L\u00e9a Beaudoin #2<\/h3>\u00c9quipe: Lac St-Louis<br \/>\nVille d&rsquo;origine: Vaudreuil-Dorion, QC\n\t\t\t\t<img decoding=\"async\" src=\"https:\/\/www.ringette.ca\/wp-content\/uploads\/2025\/08\/Tasha-Blackwell.png\" alt=\"Tasha Blackwell\" itemprop=\"image\" height=\"300\" width=\"208\" title=\"Tasha Blackwell\" onerror=\"this.style.display='none'\" loading='lazy' \/>\n\t\t<h3>Tasha Blackwell #7<\/h3>\u00c9quipe: Calgary Heat<br \/>\nVille d&rsquo;origine: Calgary, AB\n\t\t\t\t<img decoding=\"async\" src=\"https:\/\/www.ringette.ca\/wp-content\/uploads\/2025\/08\/Alyssa-Carew.png\" alt=\"Alyssa Carew\" itemprop=\"image\" height=\"300\" width=\"208\" title=\"Alyssa Carew\" onerror=\"this.style.display='none'\" loading='lazy' \/>\n\t\t<h3>Alyssa Carew #1<\/h3>\u00c9quipe: St. Albert Mission<br \/>\nVille d&rsquo;origine: Spruce Grove, AB\n\t\t\t\t<img decoding=\"async\" src=\"https:\/\/www.ringette.ca\/wp-content\/uploads\/2025\/08\/Paige-Doody.png\" alt=\"Paige Doody\" itemprop=\"image\" height=\"300\" width=\"208\" title=\"Paige Doody\" onerror=\"this.style.display='none'\" loading='lazy' \/>\n\t\t<h3>Paige Doody #4<\/h3>\u00c9quipe: \u00c9quipe Nouvelle-\u00c9cosse<br \/>\nVille d&rsquo;origine: Halifax, N-\u00c9\n\t\t\t\t<img decoding=\"async\" src=\"https:\/\/www.ringette.ca\/wp-content\/uploads\/2025\/08\/Anouk-Dugas.png\" alt=\"Anouk Dugas\" itemprop=\"image\" height=\"300\" width=\"208\" title=\"Anouk Dugas\" onerror=\"this.style.display='none'\" loading='lazy' \/>\n\t\t<h3>Anouk Dugas #30<\/h3>\u00c9quipe: Rive-Sud Revolution<br \/>\nVille d&rsquo;origine: Ste-Julie, QC\n\t\t\t\t<img decoding=\"async\" src=\"https:\/\/www.ringette.ca\/wp-content\/uploads\/2025\/08\/Olivia-Gagnon.png\" alt=\"Olivia Gagnon\" itemprop=\"image\" height=\"300\" width=\"208\" title=\"Olivia Gagnon\" onerror=\"this.style.display='none'\" loading='lazy' \/>\n\t\t<h3>Olivia Gagnon #19<\/h3>\u00c9quipe: Cyclones de Qu\u00e9bec<br \/>\nVille d&rsquo;origine: L\u00e9vis, QC\n\t\t\t\t<img decoding=\"async\" src=\"https:\/\/www.ringette.ca\/wp-content\/uploads\/2025\/08\/Jocelyne-Galbraith.png\" alt=\"Jocelyne Galbraith\" itemprop=\"image\" height=\"300\" width=\"208\" title=\"Jocelyne Galbraith\" onerror=\"this.style.display='none'\" loading='lazy' \/>\n\t\t<h3>Jocelyne Galbraith #16<\/h3>\u00c9quipe: Calgary Bold<br \/>\nVille d&rsquo;origine: Calgary, AB\n\t\t\t\t<img decoding=\"async\" src=\"https:\/\/www.ringette.ca\/wp-content\/uploads\/2025\/08\/Anna-Hausmanis.png\" alt=\"Anna Hausmanis\" itemprop=\"image\" height=\"300\" width=\"208\" title=\"Anna Hausmanis\" onerror=\"this.style.display='none'\" loading='lazy' \/>\n\t\t<h3>Anna Hausmanis #14<\/h3>\u00c9quipe: Calgary Heat<br \/>\nVille d&rsquo;origine: Calgary, AB\n\t\t\t\t<img decoding=\"async\" src=\"https:\/\/www.ringette.ca\/wp-content\/uploads\/2025\/08\/Kyla-Koester.png\" alt=\"Kyla Koester\" itemprop=\"image\" height=\"300\" width=\"208\" title=\"Kyla Koester\" onerror=\"this.style.display='none'\" loading='lazy' \/>\n\t\t<h3>Kyla Koester #23<\/h3>\u00c9quipe: Zone 2 Blaze<br \/>\nVille d&rsquo;origine: Strathmore, AB\n\t\t\t\t<img decoding=\"async\" src=\"https:\/\/www.ringette.ca\/wp-content\/uploads\/2025\/08\/Anais-Lamothe.png\" alt=\"Anais Lamothe\" itemprop=\"image\" height=\"300\" width=\"208\" title=\"Anais Lamothe\" onerror=\"this.style.display='none'\" loading='lazy' \/>\n\t\t<h3>Ana\u00efs Lamothe #24<\/h3>\u00c9quipe: Cyclones de Qu\u00e9bec<br \/>\nVille d&rsquo;origine: L\u00e9vis, QC\n\t\t\t\t<img decoding=\"async\" src=\"https:\/\/www.ringette.ca\/wp-content\/uploads\/2025\/08\/Gabrielle-Montplaisir.png\" alt=\"Gabrielle Montplaisir\" itemprop=\"image\" height=\"300\" width=\"208\" title=\"Gabrielle Montplaisir\" onerror=\"this.style.display='none'\" loading='lazy' \/>\n\t\t<h3>Gabrielle Montplaisir #13<\/h3>\u00c9quipe: Rive-Sud Revolution<br \/>\nVille d&rsquo;origine: Beloeil, QC\n\t\t\t\t<img decoding=\"async\" src=\"https:\/\/www.ringette.ca\/wp-content\/uploads\/2025\/08\/Emma-Morello.png\" alt=\"Emma Morello\" itemprop=\"image\" height=\"300\" width=\"208\" title=\"Emma Morello\" onerror=\"this.style.display='none'\" loading='lazy' \/>\n\t\t<h3>Emma Morello #12<\/h3>\u00c9quipe: Lac St-Louis<br \/>\nVille d&rsquo;origine: Pointe-Claire, QC\n\t\t\t\t<img decoding=\"async\" src=\"https:\/\/www.ringette.ca\/wp-content\/uploads\/2025\/08\/Brigitte-Parks.png\" alt=\"Brigitte Parks\" itemprop=\"image\" height=\"300\" width=\"208\" title=\"Brigitte Parks\" onerror=\"this.style.display='none'\" loading='lazy' \/>\n\t\t<h3>Brigette Parks #6<\/h3>\u00c9quipe: Regina Bandits<br \/>\nVille d&rsquo;origine: Regina, SK\n\t\t\t\t<img decoding=\"async\" src=\"https:\/\/www.ringette.ca\/wp-content\/uploads\/2025\/08\/Lolyta-Peloquin.png\" alt=\"Lolyta Peloquin\" itemprop=\"image\" height=\"300\" width=\"208\" title=\"Lolyta Peloquin\" onerror=\"this.style.display='none'\" loading='lazy' \/>\n\t\t<h3>Lolyta Peloquin #18<\/h3>\u00c9quipe: Rive-Sud Revolution<br \/>\nVille d&rsquo;origine: Sainte-Julie, QC\n\t\t\t\t<img decoding=\"async\" src=\"https:\/\/www.ringette.ca\/wp-content\/uploads\/2025\/08\/Brooke-Rolles.png\" alt=\"Brooke Rolles\" itemprop=\"image\" height=\"300\" width=\"208\" title=\"Brooke Rolles\" onerror=\"this.style.display='none'\" loading='lazy' \/>\n\t\t<h3>Brooke Rolles #25<\/h3>\u00c9quipe: Calgary Heat<br \/>\nVille d&rsquo;origine: Calgary, AB\n\t\t\t\t<img decoding=\"async\" src=\"https:\/\/www.ringette.ca\/wp-content\/uploads\/2025\/08\/Abigail-Rooney.png\" alt=\"Abigail Rooney\" itemprop=\"image\" height=\"300\" width=\"208\" title=\"Abigail Rooney\" onerror=\"this.style.display='none'\" loading='lazy' \/>\n\t\t<h3>Abigail Rooney #21<\/h3>\u00c9quipe: Eastern Ontario Force<br \/>\nVille d&rsquo;origine: Kanata, ON\n\t\t\t\t<img decoding=\"async\" src=\"https:\/\/www.ringette.ca\/wp-content\/uploads\/2025\/08\/Leah-Shimizu.png\" alt=\"Leah Shimizu\" itemprop=\"image\" height=\"300\" width=\"208\" title=\"Leah Shimizu\" onerror=\"this.style.display='none'\" loading='lazy' \/>\n\t\t<h3>Leah Shimizu #10<\/h3>\u00c9quipe: Mississauga Mustangs<br \/>\nVille d&rsquo;origine: Mississauga, ON\n\t\t\t\t<img decoding=\"async\" src=\"https:\/\/www.ringette.ca\/wp-content\/uploads\/2025\/08\/Doris-Xu.png\" alt=\"Doris Xu\" itemprop=\"image\" height=\"300\" width=\"208\" title=\"Doris Xu\" onerror=\"this.style.display='none'\" loading='lazy' \/>\n\t\t<h3>Doris Xu #8<\/h3>\u00c9quipe: Richmond Hill Lightning<br \/>\nVille d&rsquo;origine: Richmond Hill, ON\n\t<h3>Entra\u00eeneur.e.s<\/h3>\n\t\t\t\t<img decoding=\"async\" src=\"https:\/\/www.ringette.ca\/wp-content\/uploads\/2025\/08\/Tracey-Tulloch.png\" alt=\"Tracey Tulloch\" itemprop=\"image\" height=\"300\" width=\"208\" title=\"Tracey Tulloch\" onerror=\"this.style.display='none'\" loading='lazy' \/>\n\t\t<h3>Tracey Tulloch<\/h3><strong>Entra\u00eeneure en chef<\/strong><br \/>\nVille d&rsquo;origine: Halifax, NS\n\t\t\t\t<img decoding=\"async\" src=\"https:\/\/www.ringette.ca\/wp-content\/uploads\/2025\/08\/Danielle-Brassington.png\" alt=\"Danielle Brassington\" itemprop=\"image\" height=\"300\" width=\"208\" title=\"Danielle Brassington\" onerror=\"this.style.display='none'\" loading='lazy' \/>\n\t\t<h3>Danielle Brassington<\/h3><strong>Entra\u00eeneure en chef<\/strong><br \/>\nVille d&rsquo;origine: Vancouver, BC\n\t\t\t\t<img decoding=\"async\" src=\"https:\/\/www.ringette.ca\/wp-content\/uploads\/2025\/08\/Jessica-Boisvert.png\" alt=\"Jessica Boisvert\" itemprop=\"image\" height=\"300\" width=\"208\" title=\"Jessica Boisvert\" onerror=\"this.style.display='none'\" loading='lazy' \/>\n\t\t<h3>Jessica Boisvert<\/h3><strong>Entra\u00eeneure adjointe<\/strong><br \/>\nVille d&rsquo;origine: Ottawa, ON\n\t\t\t\t<img decoding=\"async\" src=\"https:\/\/www.ringette.ca\/wp-content\/uploads\/2025\/08\/Sarah-Ianni.png\" alt=\"Sarah Ianni\" itemprop=\"image\" height=\"300\" width=\"208\" title=\"Sarah Ianni\" onerror=\"this.style.display='none'\" loading='lazy' \/>\n\t\t<h3>Sarah Ianni<\/h3><strong>Entra\u00eeneure adjointe<\/strong><br \/>\nVille d&rsquo;origine: Toronto, ON\n\t\t\t\t<img decoding=\"async\" src=\"https:\/\/www.ringette.ca\/wp-content\/uploads\/2025\/08\/Caley-Mineault.png\" alt=\"Caley Mineault\" itemprop=\"image\" height=\"300\" width=\"208\" title=\"Caley Mineault\" onerror=\"this.style.display='none'\" loading='lazy' \/>\n\t\t<h3>Caley Mineault<\/h3><strong>Entra\u00eeneur.euse adjoint.e<\/strong><br \/>\nVille d&rsquo;origine: Calgary, AB\n\t\t\t\t<img decoding=\"async\" src=\"https:\/\/www.ringette.ca\/wp-content\/uploads\/2025\/08\/Jesika-Savoie.png\" alt=\"Jesika Savoie\" itemprop=\"image\" height=\"300\" width=\"208\" title=\"Jesika Savoie\" onerror=\"this.style.display='none'\" loading='lazy' \/>\n\t\t<h3>Jesika Savoie<\/h3><strong>Entra\u00eeneure adjointe<\/strong><br \/>\nVille d&rsquo;origine: Dieppe, NB\n\t\t\t\t<img decoding=\"async\" src=\"https:\/\/www.ringette.ca\/wp-content\/uploads\/2025\/08\/Daina-Seymour.png\" alt=\"Daina Seymour\" itemprop=\"image\" height=\"300\" width=\"208\" title=\"Daina Seymour\" onerror=\"this.style.display='none'\" loading='lazy' \/>\n\t\t<h3>Daina Seymour<\/h3><strong>Entra\u00eeneure adjointe<\/strong><br \/>\nVille d&rsquo;origine: Regina, SK\n\t\t\t\t<img decoding=\"async\" src=\"https:\/\/www.ringette.ca\/wp-content\/uploads\/2025\/08\/Kiana-Heska.png\" alt=\"Kiana Heska\" itemprop=\"image\" height=\"300\" width=\"208\" title=\"Kiana Heska\" onerror=\"this.style.display='none'\" loading='lazy' \/>\n\t\t<h3>Kiana Heska<\/h3><strong>Entra\u00eeneure des gardien.ne.s de but<\/strong><br \/>\nVille d&rsquo;origine: Surrey, C-B\n\t<h3>Personnel de soutien<\/h3>\n<p>&nbsp;<\/p>\n\t<b>Peggy Pratt<\/b><br \/>\nChef d&rsquo;\u00e9quipe\n\t<b>Melanie Thomas<\/b><br \/>\nEntra\u00eeneure de patinage de performance\n\t<b>Brooke Enns<\/b><br \/>\nEntra\u00eeneur.e de patinage de performance\n\t<b>Ulkar Mammadova<\/b><br \/>\nTh\u00e9rapeute du sport\n\t<strong>Isabelle McConaghy<\/strong><br \/>\nTh\u00e9rapeute du sport\n\t<b>Danica Vangsgaard<\/b><br \/>\nEntra\u00eeneure de la force et de la condition physique\n\t<b>Caitlyn Brannon<\/b><br \/>\nEntra\u00eeneure en performance mentale\n\t<h3>Personnel de haute performance de Ringuette Canada<\/h3>\n\t<b>Shelley Coolidge<\/b><br \/>\nDirectrice du sport\n\t<strong>Kristen Leblanc<\/strong><br \/>\nCoordonatrice de la haute performance\n\n","protected":false},"excerpt":{"rendered":"<p>Programme de d\u00e9veloppement U18 Passez au niveau sup\u00e9rieur Notre programme de d\u00e9veloppement pour les moins de 18 ans est compos\u00e9 des meilleur.e.s athl\u00e8tes de moins de 18 ans de tout le Canada. Les athl\u00e8tes seront s\u00e9lectionn\u00e9s en fonction du d\u00e9pistage des Jeux d&rsquo;hiver du Canada, des CRC et de la programmation provinciale pour cette occasion&hellip;<\/p>\n","protected":false},"author":7,"featured_media":0,"parent":10723,"menu_order":0,"comment_status":"closed","ping_status":"closed","template":"","meta":{"_acf_changed":false,"inline_featured_image":false,"footnotes":""},"class_list":["post-42939","page","type-page","status-publish","hentry"],"acf":[],"_links":{"self":[{"href":"https:\/\/www.ringette.ca\/fr\/wp-json\/wp\/v2\/pages\/42939","targetHints":{"allow":["GET"]}}],"collection":[{"href":"https:\/\/www.ringette.ca\/fr\/wp-json\/wp\/v2\/pages"}],"about":[{"href":"https:\/\/www.ringette.ca\/fr\/wp-json\/wp\/v2\/types\/page"}],"author":[{"embeddable":true,"href":"https:\/\/www.ringette.ca\/fr\/wp-json\/wp\/v2\/users\/7"}],"replies":[{"embeddable":true,"href":"https:\/\/www.ringette.ca\/fr\/wp-json\/wp\/v2\/comments?post=42939"}],"version-history":[{"count":0,"href":"https:\/\/www.ringette.ca\/fr\/wp-json\/wp\/v2\/pages\/42939\/revisions"}],"up":[{"embeddable":true,"href":"https:\/\/www.ringette.ca\/fr\/wp-json\/wp\/v2\/pages\/10723"}],"wp:attachment":[{"href":"https:\/\/www.ringette.ca\/fr\/wp-json\/wp\/v2\/media?parent=42939"}],"curies":[{"name":"wp","href":"https:\/\/api.w.org\/{rel}","templated":true}]}}