{"id":54150,"date":"2023-11-28T16:05:42","date_gmt":"2023-11-28T16:05:42","guid":{"rendered":"https:\/\/www.ringette.ca\/?page_id=54150"},"modified":"2025-08-27T17:22:34","modified_gmt":"2025-08-27T17:22:34","slug":"centre-de-ressources-pour-sport-securitaire","status":"publish","type":"page","link":"https:\/\/www.ringette.ca\/fr\/sport-securitaire\/centre-de-ressources-pour-sport-securitaire\/","title":{"rendered":"Centre de ressources pour sport s\u00e9curitaire"},"content":{"rendered":"\n<h2>\n\t\t\tCentre de ressources pour sport s\u00e9curitaire\t<\/h2>\n\t<h4>Politique de sport s\u00e9curitaire 101<\/h4>\n\t\t<meta itemprop=\"url\" content=\"https:\/\/www.ringette.ca\/wp-content\/uploads\/2023\/11\/Ringette-Canada-Safe-Sport-Video-FR-v4.mp4\" \/><div style=\"width: 640px;\" class=\"wp-video\"><video class=\"wp-video-shortcode\" id=\"video-54150-1\" width=\"640\" height=\"360\" poster=\"https:\/\/www.ringette.ca\/wp-content\/uploads\/2023\/11\/Ringette-Canada-Safe-Sport-Video-FR-v4-mp4-image.jpg\" preload=\"none\" controls=\"controls\"><source type=\"video\/mp4\" src=\"https:\/\/www.ringette.ca\/wp-content\/uploads\/2023\/11\/Ringette-Canada-Safe-Sport-Video-FR-v4.mp4?_=1\" \/><source type=\"video\/mp4\" src=\"https:\/\/www.ringette.ca\/wp-content\/uploads\/2023\/11\/Ringette-Canada-Safe-Sport-Video-FR-v4.mp4?_=1\" \/><a href=\"https:\/\/www.ringette.ca\/wp-content\/uploads\/2023\/11\/Ringette-Canada-Safe-Sport-Video-FR-v4.mp4\">https:\/\/www.ringette.ca\/wp-content\/uploads\/2023\/11\/Ringette-Canada-Safe-Sport-Video-FR-v4.mp4<\/a><\/video><\/div>\t\n\t<p><a href=\"https:\/\/www.ringette.ca\/wp-content\/uploads\/2025\/08\/SAFE-SPORT-summary-sheet-1.pdf\">T\u00e9l\u00e9charger le fiche r\u00e9capitulative des politiques de Ringuette Canada en mati\u00e8re de s\u00e9curit\u00e9 dans le sport<\/a>\u00a0<\/p>\n<p>&nbsp;<\/p>\n<h4>T\u00e9l\u00e9charger nos ressources:<\/h4>\n<ul>\n<li><a href=\"https:\/\/www.ringette.ca\/wp-content\/uploads\/2023\/11\/FR-SAFE-SPORT-summary-sheet.pdf\">Fiche r\u00e9capitulative des politiques de Ringuette Canada en mati\u00e8re de s\u00e9curit\u00e9 dans le sport<\/a><\/li>\n<li><a href=\"https:\/\/www.ringette.ca\/wp-content\/uploads\/2023\/11\/FR-SafeSport-Implementation-Checklist.pdf\">Liste de contr\u00f4le pour la mise en \u0153uvre du sport s\u00e9curitaire<\/a><\/li>\n<li>Pour les <strong>Administrateur.rices<\/strong>\n<ul>\n<li><a href=\"https:\/\/www.ringette.ca\/wp-content\/uploads\/2023\/11\/FR-Debrief-Admin.pdf\">Suggestions de questions pour vos s\u00e9ances d&rsquo;information sur le sport s\u00e9curitaire \u00e0 l&rsquo;intention des administrateur.rice.s de Ringuette Canada<\/a><\/li>\n<\/ul>\n<\/li>\n<li>Pour les <strong>Entra\u00eeneur.e.s<\/strong>\n<ul>\n<li><a href=\"https:\/\/www.ringette.ca\/wp-content\/uploads\/2023\/11\/FR-Debrief-Coaches.pdf\">Suggestions de questions pour vos s\u00e9ances d&rsquo;information sur le sport s\u00e9curitaire \u00e0 l&rsquo;intention des entra\u00eeneur.e.s de Ringuette Canada<\/a><\/li>\n<li><a href=\"https:\/\/www.ringette.ca\/wp-content\/uploads\/2023\/11\/Tips-Coaches-FR.pdf\">Conseils de sport s\u00e9curitaire\u00a0 pour les entra\u00eeneur.e.s<\/a><\/li>\n<\/ul>\n<\/li>\n<li>Pour les <strong>Athl\u00e8tes<\/strong>\n<ul>\n<li><a href=\"https:\/\/www.ringette.ca\/wp-content\/uploads\/2023\/11\/Tips-Athletes-FR.pdf\">Conseils de sport s\u00e9curitaire\u00a0 pour les athl\u00e8tes<\/a><\/li>\n<\/ul>\n<\/li>\n<\/ul>\n<h4>\n\t\t<a href=\"https:\/\/www.ringette.ca\/wp-content\/uploads\/2023\/11\/FR-SafeSport-Implementation-Checklist.pdf\" title=\"Liste de contr\u00f4le pour la mise en \u0153uvre du sport s\u00e9curitaire\"  target=\"_self\">\n\t\t\tListe de contr\u00f4le pour la mise en \u0153uvre du sport s\u00e9curitaire\t\t<\/a>\n\t<\/h4>\n\t\t<meta itemprop=\"url\" content=\"https:\/\/www.ringette.ca\/wp-content\/uploads\/2024\/05\/Ringette-Canada-Safe-Sport-Implementation-Checklist-Video-FR-v2.mp4\" \/><div style=\"width: 640px;\" class=\"wp-video\"><video class=\"wp-video-shortcode\" id=\"video-54150-2\" width=\"640\" height=\"360\" preload=\"metadata\" controls=\"controls\"><source type=\"video\/mp4\" src=\"https:\/\/www.ringette.ca\/wp-content\/uploads\/2024\/05\/Ringette-Canada-Safe-Sport-Implementation-Checklist-Video-FR-v2.mp4?_=2\" \/><source type=\"video\/mp4\" src=\"https:\/\/www.ringette.ca\/wp-content\/uploads\/2024\/05\/Ringette-Canada-Safe-Sport-Implementation-Checklist-Video-FR-v2.mp4?_=2\" \/><a href=\"https:\/\/www.ringette.ca\/wp-content\/uploads\/2024\/05\/Ringette-Canada-Safe-Sport-Implementation-Checklist-Video-FR-v2.mp4\">https:\/\/www.ringette.ca\/wp-content\/uploads\/2024\/05\/Ringette-Canada-Safe-Sport-Implementation-Checklist-Video-FR-v2.mp4<\/a><\/video><\/div>\t\n\n","protected":false},"excerpt":{"rendered":"<p>Centre de ressources pour sport s\u00e9curitaire Politique de sport s\u00e9curitaire 101 T\u00e9l\u00e9charger le fiche r\u00e9capitulative des politiques de Ringuette Canada en mati\u00e8re de s\u00e9curit\u00e9 dans le sport\u00a0 &nbsp; T\u00e9l\u00e9charger nos ressources: Fiche r\u00e9capitulative des politiques de Ringuette Canada en mati\u00e8re de s\u00e9curit\u00e9 dans le sport Liste de contr\u00f4le pour la mise en \u0153uvre du sport&hellip;<\/p>\n","protected":false},"author":7,"featured_media":0,"parent":14042,"menu_order":0,"comment_status":"closed","ping_status":"closed","template":"","meta":{"_acf_changed":false,"inline_featured_image":false,"footnotes":""},"class_list":["post-54150","page","type-page","status-publish","hentry"],"acf":[],"_links":{"self":[{"href":"https:\/\/www.ringette.ca\/fr\/wp-json\/wp\/v2\/pages\/54150","targetHints":{"allow":["GET"]}}],"collection":[{"href":"https:\/\/www.ringette.ca\/fr\/wp-json\/wp\/v2\/pages"}],"about":[{"href":"https:\/\/www.ringette.ca\/fr\/wp-json\/wp\/v2\/types\/page"}],"author":[{"embeddable":true,"href":"https:\/\/www.ringette.ca\/fr\/wp-json\/wp\/v2\/users\/7"}],"replies":[{"embeddable":true,"href":"https:\/\/www.ringette.ca\/fr\/wp-json\/wp\/v2\/comments?post=54150"}],"version-history":[{"count":0,"href":"https:\/\/www.ringette.ca\/fr\/wp-json\/wp\/v2\/pages\/54150\/revisions"}],"up":[{"embeddable":true,"href":"https:\/\/www.ringette.ca\/fr\/wp-json\/wp\/v2\/pages\/14042"}],"wp:attachment":[{"href":"https:\/\/www.ringette.ca\/fr\/wp-json\/wp\/v2\/media?parent=54150"}],"curies":[{"name":"wp","href":"https:\/\/api.w.org\/{rel}","templated":true}]}}