{"id":81277,"date":"2024-10-30T13:11:37","date_gmt":"2024-10-30T13:11:37","guid":{"rendered":"https:\/\/www.ringette.ca\/?page_id=81277"},"modified":"2024-10-31T17:29:02","modified_gmt":"2024-10-31T17:29:02","slug":"organiser","status":"publish","type":"page","link":"https:\/\/www.ringette.ca\/fr\/decouvrir\/viens-essayer-la-ringuette\/organiser\/","title":{"rendered":"Organiser un \u00e9v\u00e9nement \u00ab Viens essayer la ringuette \u00bb"},"content":{"rendered":"\n\n\t\t\t\t<img decoding=\"async\" src=\"https:\/\/www.ringette.ca\/wp-content\/uploads\/2024\/10\/CTR-Webpage-Headers.jpg\" alt=\"CTR Webpage Headers\" itemprop=\"image\" height=\"1080\" width=\"1920\" title=\"CTR Webpage Headers\" onerror=\"this.style.display='none'\"  \/>\n\n\t<h2><b>Pourquoi organiser un \u00e9v\u00e9nement \u00ab\u00a0Viens essayer la ringuette\u00a0\u00bb\u2009?<\/b>\u00a0<\/h2>\n<p>Les \u00e9v\u00e9nements du programme \u00ab\u00a0Viens essayer la ringuette\u00a0\u00bb sont un moyen fantastique de recruter des athl\u00e8tes au sein de votre association. Cette approche test\u00e9e et \u00e9prouv\u00e9e combine de nombreux \u00e9l\u00e9ments diff\u00e9rents, soigneusement s\u00e9lectionn\u00e9s pour s&rsquo;harmoniser ensemble et cr\u00e9er un outil de recrutement complet et efficace. Lorsqu&rsquo;il est mis en \u0153uvre correctement, l&rsquo;\u00e9v\u00e9nement aide votre association locale \u00e0 maximiser le temps et les ressources que vous consacrez aux b\u00e9n\u00e9voles pour attirer de nouvelles et nouveaux participant\u00b7e\u00b7s \u00e0 la ringuette.<\/p>\n<p>Les ressources de cette page Web vous guideront dans la planification, la r\u00e9alisation et l&rsquo;\u00e9valuation de votre \u00e9v\u00e9nement \u00ab\u00a0Viens essayer la ringuette\u00a0\u00bb. Nous vous encourageons fortement \u00e0 suivre les recommandations de ces ressources le plus fid\u00e8lement possible. Les associations qui adh\u00e8rent \u00e9troitement au programme connaissent un plus grand succ\u00e8s. Par exemple, les associations qui ont adh\u00e9r\u00e9 au programme de plus pr\u00e8s ont obtenu des taux de conversion de 75 \u00e0 90\u00a0%, ce qui signifie que pour dix participant\u00b7e\u00b7s qu&rsquo;elles ont amen\u00e9es \u00e0 leur \u00e9v\u00e9nement \u00ab\u00a0Viens essayer la ringuette\u00a0\u00bb, au moins sept se sont inscrit\u00b7e\u00b7s pour continuer \u00e0 jouer !<\/p>\n\t\t\t\t<a href=\"https:\/\/www.ringette.ca\/fr\/decouvrir\/viens-essayer-la-ringuette\/marque-promotions\/\" target=\"_self\" itemprop=\"url\" rel=\"noopener\">\n\t\t\t\t<img decoding=\"async\" src=\"https:\/\/www.ringette.ca\/wp-content\/uploads\/2024\/10\/9.jpg\" alt=\"9\" itemprop=\"image\" height=\"1080\" width=\"1080\" title=\"9\" onerror=\"this.style.display='none'\"  \/>\n\t\t\t\t<\/a>\n\t<p>&nbsp;<\/p>\n<h2><a href=\"https:\/\/www.ringette.ca\/fr\/decouvrir\/viens-essayer-la-ringuette\/marque-promotions\/\"><b>Marque et promotions<\/b><\/a><\/h2>\n\t\t\t\t<a href=\"https:\/\/www.ringette.ca\/fr\/decouvrir\/viens-essayer-la-ringuette\/horaires-travail-chronologie\/\" target=\"_self\" itemprop=\"url\" rel=\"noopener\">\n\t\t\t\t<img decoding=\"async\" src=\"https:\/\/www.ringette.ca\/wp-content\/uploads\/2024\/10\/8.jpg\" alt=\"8\" itemprop=\"image\" height=\"1080\" width=\"1080\" title=\"8\" onerror=\"this.style.display='none'\"  \/>\n\t\t\t\t<\/a>\n\t<p>&nbsp;<\/p>\n<h2><a href=\"https:\/\/www.ringette.ca\/fr\/decouvrir\/viens-essayer-la-ringuette\/horaires-travail-chronologie\/\"><b>Horaires de travail et chronologie des \u00e9v\u00e9nements<\/b><\/a><\/h2>\n\t\t\t\t<a href=\"https:\/\/www.ringette.ca\/fr\/decouvrir\/viens-essayer-la-ringuette\/inscription-des-participantes\/\" target=\"_self\" itemprop=\"url\" rel=\"noopener\">\n\t\t\t\t<img decoding=\"async\" src=\"https:\/\/www.ringette.ca\/wp-content\/uploads\/2024\/10\/10.jpg\" alt=\"10\" itemprop=\"image\" height=\"1080\" width=\"1080\" title=\"10\" onerror=\"this.style.display='none'\"  \/>\n\t\t\t\t<\/a>\n\t<p>&nbsp;<\/p>\n<h2><a href=\"https:\/\/www.ringette.ca\/fr\/decouvrir\/viens-essayer-la-ringuette\/inscription-des-participantes\/\"><b>Inscription des participant\u00b7e\u00b7s<\/b><\/a><\/h2>\n\t\t\t\t<a href=\"https:\/\/www.ringette.ca\/fr\/decouvrir\/viens-essayer-la-ringuette\/deroulement-levenement\/\" target=\"_self\" itemprop=\"url\" rel=\"noopener\">\n\t\t\t\t<img decoding=\"async\" src=\"https:\/\/www.ringette.ca\/wp-content\/uploads\/2024\/10\/12.jpg\" alt=\"12\" itemprop=\"image\" height=\"1080\" width=\"1080\" title=\"12\" onerror=\"this.style.display='none'\"  \/>\n\t\t\t\t<\/a>\n\t<p>&nbsp;<\/p>\n<h2><a href=\"https:\/\/www.ringette.ca\/fr\/decouvrir\/viens-essayer-la-ringuette\/deroulement-levenement\/\"><b>Le d\u00e9roulement de l&rsquo;\u00e9v\u00e9nement<\/b><\/a><\/h2>\n\t\t\t\t<a href=\"https:\/\/www.ringette.ca\/fr\/decouvrir\/viens-essayer-la-ringuette\/considerations-relatives-aux-evenements\/\" target=\"_self\" itemprop=\"url\" rel=\"noopener\">\n\t\t\t\t<img decoding=\"async\" src=\"https:\/\/www.ringette.ca\/wp-content\/uploads\/2024\/10\/7.jpg\" alt=\"7\" itemprop=\"image\" height=\"1080\" width=\"1080\" title=\"7\" onerror=\"this.style.display='none'\"  \/>\n\t\t\t\t<\/a>\n\t<p>&nbsp;<\/p>\n<h2><a href=\"https:\/\/www.ringette.ca\/fr\/decouvrir\/viens-essayer-la-ringuette\/considerations-relatives-aux-evenements\/\">Consid\u00e9rations relatives aux \u00e9v\u00e9nements<\/a><\/h2>\n\n","protected":false},"excerpt":{"rendered":"<p>Pourquoi organiser un \u00e9v\u00e9nement \u00ab\u00a0Viens essayer la ringuette\u00a0\u00bb\u2009?\u00a0 Les \u00e9v\u00e9nements du programme \u00ab\u00a0Viens essayer la ringuette\u00a0\u00bb sont un moyen fantastique de recruter des athl\u00e8tes au sein de votre association. Cette approche test\u00e9e et \u00e9prouv\u00e9e combine de nombreux \u00e9l\u00e9ments diff\u00e9rents, soigneusement s\u00e9lectionn\u00e9s pour s&rsquo;harmoniser ensemble et cr\u00e9er un outil de recrutement complet et efficace. Lorsqu&rsquo;il est&hellip;<\/p>\n","protected":false},"author":7,"featured_media":0,"parent":13596,"menu_order":0,"comment_status":"closed","ping_status":"closed","template":"","meta":{"_acf_changed":false,"inline_featured_image":false,"footnotes":""},"class_list":["post-81277","page","type-page","status-publish","hentry"],"acf":[],"_links":{"self":[{"href":"https:\/\/www.ringette.ca\/fr\/wp-json\/wp\/v2\/pages\/81277","targetHints":{"allow":["GET"]}}],"collection":[{"href":"https:\/\/www.ringette.ca\/fr\/wp-json\/wp\/v2\/pages"}],"about":[{"href":"https:\/\/www.ringette.ca\/fr\/wp-json\/wp\/v2\/types\/page"}],"author":[{"embeddable":true,"href":"https:\/\/www.ringette.ca\/fr\/wp-json\/wp\/v2\/users\/7"}],"replies":[{"embeddable":true,"href":"https:\/\/www.ringette.ca\/fr\/wp-json\/wp\/v2\/comments?post=81277"}],"version-history":[{"count":0,"href":"https:\/\/www.ringette.ca\/fr\/wp-json\/wp\/v2\/pages\/81277\/revisions"}],"up":[{"embeddable":true,"href":"https:\/\/www.ringette.ca\/fr\/wp-json\/wp\/v2\/pages\/13596"}],"wp:attachment":[{"href":"https:\/\/www.ringette.ca\/fr\/wp-json\/wp\/v2\/media?parent=81277"}],"curies":[{"name":"wp","href":"https:\/\/api.w.org\/{rel}","templated":true}]}}