{"id":81629,"date":"2024-10-31T17:04:53","date_gmt":"2024-10-31T17:04:53","guid":{"rendered":"https:\/\/www.ringette.ca\/?page_id=81629"},"modified":"2024-11-04T14:24:37","modified_gmt":"2024-11-04T14:24:37","slug":"inscription-des-participantes","status":"publish","type":"page","link":"https:\/\/www.ringette.ca\/fr\/decouvrir\/viens-essayer-la-ringuette\/inscription-des-participantes\/","title":{"rendered":"Inscription des participant\u00b7e\u00b7s"},"content":{"rendered":"\n\n\t\t\t\t<img decoding=\"async\" src=\"https:\/\/www.ringette.ca\/wp-content\/uploads\/2024\/10\/CTR-Webpage-Headers.jpg\" alt=\"CTR Webpage Headers\" itemprop=\"image\" height=\"1080\" width=\"1920\" title=\"CTR Webpage Headers\" onerror=\"this.style.display='none'\"  \/>\n\n\t<p>Dans la mesure du possible, les associations doivent encourager les participant\u00b7e\u00b7s \u00e0 s&rsquo;inscrire en ligne \u00e0 leurs \u00e9v\u00e9nements \u00ab\u00a0Viens essayer la ringuette\u00a0\u00bb avant la date de l&rsquo;\u00e9v\u00e9nement. Ceci \u00e9tant dit, les associations peuvent accepter des inscriptions spontan\u00e9es \u00e0 leurs \u00e9v\u00e9nements.\u00a0<\/p>\n<p>Toutes les inscriptions pour les \u00e9v\u00e9nements \u00ab\u00a0Viens essayer la ringuette\u00a0\u00bb doivent \u00eatre faites en utilisant la plateforme RAMP InterActive. Un guide d\u00e9taill\u00e9 pour aider les associations \u00e0 utiliser la plateforme RAMP se trouve ci-dessous.\u00a0<\/p>\n<p>Les associations locales devront travailler avec leurs associations provinciales pour s&rsquo;assurer que leurs \u00e9v\u00e9nements sont sanctionn\u00e9s et ajout\u00e9s au portail RAMP. Veillez \u00e0 pr\u00e9voir suffisamment de temps pour cette \u00e9tape.<\/p>\n<p><a href=\"https:\/\/www.ringette.ca\/wp-content\/uploads\/2024\/11\/fr-RAMP-Associations-8.5-x-11-in.pdf\"><strong>Utilisation de RAMP<\/strong><\/a><\/p>\n\n","protected":false},"excerpt":{"rendered":"<p>Dans la mesure du possible, les associations doivent encourager les participant\u00b7e\u00b7s \u00e0 s&rsquo;inscrire en ligne \u00e0 leurs \u00e9v\u00e9nements \u00ab\u00a0Viens essayer la ringuette\u00a0\u00bb avant la date de l&rsquo;\u00e9v\u00e9nement. Ceci \u00e9tant dit, les associations peuvent accepter des inscriptions spontan\u00e9es \u00e0 leurs \u00e9v\u00e9nements.\u00a0 Toutes les inscriptions pour les \u00e9v\u00e9nements \u00ab\u00a0Viens essayer la ringuette\u00a0\u00bb doivent \u00eatre faites en utilisant&hellip;<\/p>\n","protected":false},"author":7,"featured_media":0,"parent":13596,"menu_order":0,"comment_status":"closed","ping_status":"closed","template":"","meta":{"_acf_changed":false,"inline_featured_image":false,"footnotes":""},"class_list":["post-81629","page","type-page","status-publish","hentry"],"acf":[],"_links":{"self":[{"href":"https:\/\/www.ringette.ca\/fr\/wp-json\/wp\/v2\/pages\/81629","targetHints":{"allow":["GET"]}}],"collection":[{"href":"https:\/\/www.ringette.ca\/fr\/wp-json\/wp\/v2\/pages"}],"about":[{"href":"https:\/\/www.ringette.ca\/fr\/wp-json\/wp\/v2\/types\/page"}],"author":[{"embeddable":true,"href":"https:\/\/www.ringette.ca\/fr\/wp-json\/wp\/v2\/users\/7"}],"replies":[{"embeddable":true,"href":"https:\/\/www.ringette.ca\/fr\/wp-json\/wp\/v2\/comments?post=81629"}],"version-history":[{"count":0,"href":"https:\/\/www.ringette.ca\/fr\/wp-json\/wp\/v2\/pages\/81629\/revisions"}],"up":[{"embeddable":true,"href":"https:\/\/www.ringette.ca\/fr\/wp-json\/wp\/v2\/pages\/13596"}],"wp:attachment":[{"href":"https:\/\/www.ringette.ca\/fr\/wp-json\/wp\/v2\/media?parent=81629"}],"curies":[{"name":"wp","href":"https:\/\/api.w.org\/{rel}","templated":true}]}}