{"id":81653,"date":"2024-10-31T17:08:35","date_gmt":"2024-10-31T17:08:35","guid":{"rendered":"https:\/\/www.ringette.ca\/?page_id=81653"},"modified":"2024-11-04T14:31:54","modified_gmt":"2024-11-04T14:31:54","slug":"deroulement-levenement","status":"publish","type":"page","link":"https:\/\/www.ringette.ca\/fr\/decouvrir\/viens-essayer-la-ringuette\/deroulement-levenement\/","title":{"rendered":"Le d\u00e9roulement de l\u2019\u00e9v\u00e9nement"},"content":{"rendered":"\n\n\t\t\t\t<img decoding=\"async\" src=\"https:\/\/www.ringette.ca\/wp-content\/uploads\/2024\/10\/CTR-Webpage-Headers.jpg\" alt=\"CTR Webpage Headers\" itemprop=\"image\" height=\"1080\" width=\"1920\" title=\"CTR Webpage Headers\" onerror=\"this.style.display='none'\"  \/>\n\n\t\t\t\t\t<a href=\"#\" id=\"fl-accordion--label-0\" tabindex=\"0\" aria-controls=\"fl-accordion--panel-0\">1. Lignes directrices g\u00e9n\u00e9rales <\/a>\n\t\t\t\t\t\t\t\t\t\t\t<a href=\"#\" id=\"fl-accordion--icon-0\" tabindex=\"-1\"><i>Expand<\/i><\/a>\n\t\t\t\t\t<p>De nombreux \u00e9l\u00e9ments contribueront \u00e0 la r\u00e9ussite de votre \u00e9v\u00e9nement. Il s&rsquo;agit notamment de recruter des b\u00e9n\u00e9voles pour vous aider le jour de l&rsquo;\u00e9v\u00e9nement et de contacter les participant\u00b7e\u00b7s avant l&rsquo;\u00e9v\u00e9nement pour leur rappeler que le programme aura lieu et leur indiquer ce qu&rsquo;iels doivent apporter.\u00a0<\/p>\n<p>Pour vous aider \u00e0 organiser votre \u00e9v\u00e9nement, nous avons cr\u00e9\u00e9 un guide pratique qui d\u00e9crit les r\u00f4les cl\u00e9s des b\u00e9n\u00e9voles, les activit\u00e9s de la journ\u00e9e et les informations relatives au suivi de l&rsquo;\u00e9v\u00e9nement. Veuillez adapter les informations contenues dans ce guide \u00e0 votre association et \u00e0 votre contexte (par exemple, les \u00e9v\u00e9nements \u00ab\u00a0Viens essayer la ringuette\u00a0\u00bb pour les filles ou les femmes) si n\u00e9cessaire.<\/p>\n<p><a href=\"https:\/\/www.ringette.ca\/wp-content\/uploads\/2024\/10\/FR-running-your-event.pdf\">Le d\u00e9roulement de l&rsquo;\u00e9v\u00e9nement<\/a><\/p>\n\t\t\t\t\t<a href=\"#\" id=\"fl-accordion--label-1\" tabindex=\"0\" aria-controls=\"fl-accordion--panel-1\">2. La mise en place d&rsquo;un kiosque<\/a>\n\t\t\t\t\t\t\t\t\t\t\t<a href=\"#\" id=\"fl-accordion--icon-1\" tabindex=\"-1\"><i>Expand<\/i><\/a>\n\t\t\t\t\t<p>Le kiosque est l&rsquo;un des premiers points de contact avec les futurs participant\u00b7e\u00b7s. Il est donc important que votre kiosque soit bien organis\u00e9. Pour vous aider \u00e0 tenir votre kiosque, nous avons cr\u00e9\u00e9 un document qui comprend quelques \u00e9l\u00e9ments cl\u00e9s \u00e0 faire et \u00e0 ne pas faire.<\/p>\n<p><a href=\"https:\/\/www.ringette.ca\/wp-content\/uploads\/2024\/10\/FR-booth.pdf\">Ce qu&rsquo;il faut faire et ne pas faire au kiosque<\/a><\/p>\n\t\t\t\t\t<a href=\"#\" id=\"fl-accordion--label-2\" tabindex=\"0\" aria-controls=\"fl-accordion--panel-2\">3. Le programme sur glace<\/a>\n\t\t\t\t\t\t\t\t\t\t\t<a href=\"#\" id=\"fl-accordion--icon-2\" tabindex=\"-1\"><i>Expand<\/i><\/a>\n\t\t\t\t\t<p>Le programme sur glace est l&rsquo;\u00e9l\u00e9ment cl\u00e9 de l&rsquo;\u00e9v\u00e9nement \u00ab\u00a0Viens essayer la ringuette\u00a0\u00bb. Pour vous aider \u00e0 organiser votre programme sur glace, nous avons cr\u00e9\u00e9 un guide de programme pour les \u00e9v\u00e9nements destin\u00e9s aux enfants et aux jeunes et pour les \u00e9v\u00e9nements destin\u00e9s aux femmes (18\u00a0ans et plus). Nous vous encourageons \u00e0 suivre les activit\u00e9s d\u00e9crites dans ces guides. Dans certains cas, selon le niveau de comp\u00e9tence de vos participant\u00b7e\u00b7s, vous devrez peut-\u00eatre ajuster le degr\u00e9 de difficult\u00e9 des activit\u00e9s (par exemple, en demandant aux participant\u00b7e\u00b7s de se tenir plus pr\u00e8s ou plus loin l&rsquo;un de l&rsquo;autre pour les exercices de passes) afin de vous assurer qu&rsquo;iels sont engag\u00e9\u00b7e\u00b7s.\u00a0<\/p>\n<p>N&rsquo;oubliez pas que l&rsquo;objectif des activit\u00e9s sur glace est de rendre les gens actifs tout en s&rsquo;amusant !<\/p>\n<h5><a href=\"https:\/\/www.ringette.ca\/wp-content\/uploads\/2024\/11\/FR_drills_Kids.pdf\">Activit\u00e9s sur glace pour les enfants<\/a>\u00a0 |\u00a0 \u00a0 <a href=\"https:\/\/www.ringette.ca\/wp-content\/uploads\/2024\/11\/FR_drills_Adults.pdf\">Activit\u00e9s sur glace pour les femmes<\/a><\/h5>\n<h5>Ringuette Canada propose de nombreux plans de programme qui d\u00e9crivent des exercices et des jeux pour les participant\u00b7e\u00b7s qui d\u00e9butent dans le sport. Si vous cherchez d&rsquo;autres activit\u00e9s, vous pouvez les d\u00e9couvrir ici: <a href=\"https:\/\/www.ringette.ca\/fr\/decouvrir\/ringuette-pour-enfants\/\">https:\/\/www.ringette.ca\/fr\/decouvrir\/ringuette-pour-enfants\/<\/a><\/h5>\n\n","protected":false},"excerpt":{"rendered":"<p>1. Lignes directrices g\u00e9n\u00e9rales Expand De nombreux \u00e9l\u00e9ments contribueront \u00e0 la r\u00e9ussite de votre \u00e9v\u00e9nement. Il s&rsquo;agit notamment de recruter des b\u00e9n\u00e9voles pour vous aider le jour de l&rsquo;\u00e9v\u00e9nement et de contacter les participant\u00b7e\u00b7s avant l&rsquo;\u00e9v\u00e9nement pour leur rappeler que le programme aura lieu et leur indiquer ce qu&rsquo;iels doivent apporter.\u00a0 Pour vous aider \u00e0&hellip;<\/p>\n","protected":false},"author":7,"featured_media":0,"parent":13596,"menu_order":0,"comment_status":"closed","ping_status":"closed","template":"","meta":{"_acf_changed":false,"inline_featured_image":false,"footnotes":""},"class_list":["post-81653","page","type-page","status-publish","hentry"],"acf":[],"_links":{"self":[{"href":"https:\/\/www.ringette.ca\/fr\/wp-json\/wp\/v2\/pages\/81653","targetHints":{"allow":["GET"]}}],"collection":[{"href":"https:\/\/www.ringette.ca\/fr\/wp-json\/wp\/v2\/pages"}],"about":[{"href":"https:\/\/www.ringette.ca\/fr\/wp-json\/wp\/v2\/types\/page"}],"author":[{"embeddable":true,"href":"https:\/\/www.ringette.ca\/fr\/wp-json\/wp\/v2\/users\/7"}],"replies":[{"embeddable":true,"href":"https:\/\/www.ringette.ca\/fr\/wp-json\/wp\/v2\/comments?post=81653"}],"version-history":[{"count":0,"href":"https:\/\/www.ringette.ca\/fr\/wp-json\/wp\/v2\/pages\/81653\/revisions"}],"up":[{"embeddable":true,"href":"https:\/\/www.ringette.ca\/fr\/wp-json\/wp\/v2\/pages\/13596"}],"wp:attachment":[{"href":"https:\/\/www.ringette.ca\/fr\/wp-json\/wp\/v2\/media?parent=81653"}],"curies":[{"name":"wp","href":"https:\/\/api.w.org\/{rel}","templated":true}]}}