{"id":81684,"date":"2024-10-31T17:15:59","date_gmt":"2024-10-31T17:15:59","guid":{"rendered":"https:\/\/www.ringette.ca\/?page_id=81684"},"modified":"2025-01-23T21:41:51","modified_gmt":"2025-01-23T21:41:51","slug":"marque-promotions","status":"publish","type":"page","link":"https:\/\/www.ringette.ca\/fr\/decouvrir\/viens-essayer-la-ringuette\/marque-promotions\/","title":{"rendered":"Marque et promotions"},"content":{"rendered":"\n\n\t\t\t\t<img decoding=\"async\" src=\"https:\/\/www.ringette.ca\/wp-content\/uploads\/2024\/10\/CTR-Webpage-Headers.jpg\" alt=\"CTR Webpage Headers\" itemprop=\"image\" height=\"1080\" width=\"1920\" title=\"CTR Webpage Headers\" onerror=\"this.style.display='none'\"  \/>\n\n\t<p>La marque \u00ab\u00a0Viens essayer la ringuette\u00a0\u00bb se compose d&rsquo;une combinaison de diff\u00e9rents \u00e9l\u00e9ments, dont :<\/p>\n<p>&nbsp;<\/p>\n\t\t\t\t\t<a href=\"#\" id=\"fl-accordion--label-0\" tabindex=\"0\" aria-controls=\"fl-accordion--panel-0\">Le logo \u00ab Viens essayer la ringuette \u00bb<\/a>\n\t\t\t\t\t\t\t\t\t\t\t<a href=\"#\" id=\"fl-accordion--icon-0\" tabindex=\"-1\"><i>Expand<\/i><\/a>\n\t\t\t\t\t<p>Veuillez vous assurer que le logo figure sur tout le mat\u00e9riel relatif \u00e0 un \u00e9v\u00e9nement \u00ab\u00a0Viens essayer la ringuette\u00a0\u00bb sanctionn\u00e9. Un \u00e9v\u00e9nement n&rsquo;est sanctionn\u00e9 que lorsque votre association provinciale l&rsquo;a approuv\u00e9 et l&rsquo;a affich\u00e9 sur le site Web de \u00ab\u00a0Viens essayer la ringuette\u00a0\u00bb.\u00a0<\/p>\n<p><a href=\"https:\/\/drive.google.com\/drive\/folders\/1PBCJyzyixrAuIqlhnkkyffhOycE0viC3?usp=sharing\">T\u00e9l\u00e9charger le logo<\/a><\/p>\n\t\t\t\t\t<a href=\"#\" id=\"fl-accordion--label-1\" tabindex=\"0\" aria-controls=\"fl-accordion--panel-1\">Le site web \u00ab Viens essayer la ringuette \u00bb<\/a>\n\t\t\t\t\t\t\t\t\t\t\t<a href=\"#\" id=\"fl-accordion--icon-1\" tabindex=\"-1\"><i>Expand<\/i><\/a>\n\t\t\t\t\t<p>Le site web <a href=\"https:\/\/viensessayerlaringuette.ca\/\">\u00ab Viens essayer la ringuette\u00a0\u00bb<\/a> est h\u00e9berg\u00e9 sur RAMP InterActive, o\u00f9 tous les \u00e9v\u00e9nements \u00e0 venir sont affich\u00e9s et o\u00f9 les familles peuvent s&rsquo;inscrivent. Tous les \u00e9v\u00e9nements \u00ab\u00a0Viens essayer la ringuette\u00a0\u00bb doivent \u00eatre affich\u00e9s sur ce site. Pour faciliter l&rsquo;inscription des participant\u00b7e\u00b7s, assurez-vous d&rsquo;inclure un lien vers ce site Web dans tout le mat\u00e9riel publicitaire de l&rsquo;\u00e9v\u00e9nement.<\/p>\n\t\t\t\t\t<a href=\"#\" id=\"fl-accordion--label-2\" tabindex=\"0\" aria-controls=\"fl-accordion--panel-2\">Le mat\u00e9riel promotionnel de \u00ab Viens essayer la ringuette \u00bb<\/a>\n\t\t\t\t\t\t\t\t\t\t\t<a href=\"#\" id=\"fl-accordion--icon-2\" tabindex=\"-1\"><i>Expand<\/i><\/a>\n\t\t\t\t\t<p>Tout le mat\u00e9riel promotionnel est con\u00e7u pour inciter les athl\u00e8tes potentiel\u00b7le\u00b7s \u00e0 se rendre sur le site Web de \u00ab\u00a0Viens essayer la ringuette\u00a0\u00bb pour s&rsquo;inscrire \u00e0 un \u00e9v\u00e9nement. Ringuette Canada a cr\u00e9\u00e9 un certain nombre de gabarits qui peuvent \u00eatre adapt\u00e9s \u00e0 votre \u00e9v\u00e9nement et qui comprennent des recommandations sur la fa\u00e7on de le promouvoir aupr\u00e8s de diff\u00e9rents publics, y compris les femmes et les filles.\u00a0<\/p>\n<p>Des ressources professionnelles ont \u00e9t\u00e9 cr\u00e9\u00e9es pour vous aider \u00e0 faire la promotion de votre \u00e9v\u00e9nement. Nous demandons \u00e0 toutes les associations d&rsquo;utiliser ces ressources pour la promotion de leur \u00e9v\u00e9nement \u00ab\u00a0Viens d\u00e9couvrir la ringuette\u00a0\u00bb sanctionn\u00e9. Si vous choisissez de faire de la promotion par d&rsquo;autres moyens, par exemple en partageant des images des \u00e9v\u00e9nements \u00ab\u00a0Viens essayer la ringuette\u00a0\u00bb, nous vous demandons de vous inspirer des images et des vid\u00e9os des fichiers de Ringuette Canada (voir ci-dessous).\u00a0<\/p>\n<p>Pour obtenir d&rsquo;autres ressources, veuillez communiquer avec votre association provinciale. N&rsquo;oubliez pas que ces ressources ne doivent \u00eatre utilis\u00e9es que pour les \u00e9v\u00e9nements sanctionn\u00e9s.<\/p>\n<h5><a href=\"https:\/\/www.ringette.ca\/fr\/decouvrir\/viens-essayer-la-ringuette\/marque-promotions\/materiel-promotionnel\/\">Mat\u00e9riel promotionnel<\/a>\u00a0 \u00a0 \u00a0 |\u00a0 \u00a0 \u00a0 \u00a0 \u00a0<a href=\"https:\/\/www.ringette.ca\/wp-content\/uploads\/2024\/10\/FR-Promoting-Events.pdf\">Guide de promotion des \u00e9v\u00e9nements<\/a>\u00a0\u00a0 \u00a0 |\u00a0 \u00a0 \u00a0 \u00a0 \u00a0<a href=\"https:\/\/drive.google.com\/drive\/folders\/1ISIyVXEAr5cj18l8cerS0TqRMZO3t_HY?usp=sharing\">Banque d&rsquo;images et de vid\u00e9os<\/a><\/h5>\n<p>Vous souhaitez promouvoir votre \u00e9v\u00e9nement dans une autre langue\u2009? Certains documents promotionnels ont \u00e9t\u00e9 traduits pour vous aider \u00e0 atteindre un public plus large. Veuillez communiquer avec l&rsquo;\u00e9quipe de Ringuette Canada pour savoir s&rsquo;il existe des ressources disponibles dans la langue que vous recherchez. <\/p>\n\t\t\t\t\t<a href=\"#\" id=\"fl-accordion--label-3\" tabindex=\"0\" aria-controls=\"fl-accordion--panel-3\">Notre \u00e9quipe Viens Essayer la Ringuette<\/a>\n\t\t\t\t\t\t\t\t\t\t\t<a href=\"#\" id=\"fl-accordion--icon-3\" tabindex=\"-1\"><i>Expand<\/i><\/a>\n\t\t\t\t\t<p>Les personnages de notre \u00e9quipe Viens Essayer la Ringuette peuvent \u00eatre utilis\u00e9s dans le cadre de vos efforts de promotion afin de susciter l&rsquo;int\u00e9r\u00eat de divers groupes de participants. Chaque personnage a une personnalit\u00e9 et une histoire unique. Contactez votre PTSO pour plus d&rsquo;informations !<\/p>\n<p><a href=\"https:\/\/www.ringette.ca\/wp-content\/uploads\/2025\/01\/FR-CTR-Character-Bios.pdf\">Rencontrez l&rsquo;\u00e9quipe !<\/a> | <a href=\"https:\/\/www.ringette.ca\/wp-content\/uploads\/2025\/01\/CTR-Team-pngs.zip\">T\u00e9l\u00e9charger les images des personnages<\/a> | <a href=\"https:\/\/www.canva.com\/design\/DAFTW0q8tAM\/GiuApmlZ7vJ49sytqG934w\/edit?utm_content=DAFTW0q8tAM&amp;utm_campaign=designshare&amp;utm_medium=link2&amp;utm_source=sharebutton\">T\u00e9l\u00e9charger les pages \u00e0 colorier<\/a><\/p>\n\t\t\t\t\t<a href=\"#\" id=\"fl-accordion--label-4\" tabindex=\"0\" aria-controls=\"fl-accordion--panel-4\">Distribution de mat\u00e9riel lors d&rsquo;\u00e9v\u00e9nements<\/a>\n\t\t\t\t\t\t\t\t\t\t\t<a href=\"#\" id=\"fl-accordion--icon-4\" tabindex=\"-1\"><i>Expand<\/i><\/a>\n\t\t\t\t\t<p>Dans le cadre des \u00e9v\u00e9nements \u00ab\u00a0Viens essayer la ringuette\u00a0\u00bb, les participant\u00b7e\u00b7s re\u00e7oivent des petits prix, notamment des sacs \u00e0 ficelle et un livre de coloriage. Veuillez communiquer avec votre association provinciale avant la tenue de l&rsquo;\u00e9v\u00e9nement afin de prendre les dispositions n\u00e9cessaires pour que ces articles vous soient envoy\u00e9s. De plus, vous trouverez ci-dessous un PDF du cahier de coloriage si vous souhaitez imprimer des copies suppl\u00e9mentaires \u00e0 distribuer lors d&rsquo;\u00e9v\u00e9nements sanctionn\u00e9s. <\/p>\n<p><a href=\"https:\/\/www.canva.com\/design\/DAFH07cUvzg\/y3DHXkBCFYmCVoilGkEDRw\/edit?utm_content=DAFH07cUvzg&amp;utm_campaign=designshare&amp;utm_medium=link2&amp;utm_source=sharebutton\">T\u00e9l\u00e9charger le livre de coloriage<\/a><\/p>\n<p>En plus des ressources fournies par votre association provinciale, vous pouvez envisager de fournir aux participant\u00b7e\u00b7s des ressources suppl\u00e9mentaires sp\u00e9cifiques \u00e0 votre association. Par exemple, vous pouvez inclure les items suivants dans la trousse de mat\u00e9riel \u00e0 distribuer\u00a0:<\/p>\n<ul>\n<li aria-level=\"1\">des informations sur les ligues et les programmes de votre association (par exemple, les dates, les liens d&rsquo;inscription et les frais de programme)<\/li>\n<li aria-level=\"1\">des ressources \u00e9ducatives (par exemple, des guides d&rsquo;\u00e9quipement et des informations sur les matchs &#8211; voir ci-dessous pour les t\u00e9l\u00e9chargements)<\/li>\n<li aria-level=\"1\">des informations sur les organisations qui peuvent aider \u00e0 \u00e9liminer les barri\u00e8res \u00e0 la pratique du sport (par exemple, JumpStart et KidSport)<\/li>\n<li aria-level=\"1\">une offre de rabais d&rsquo;un magasin local d&rsquo;articles de sport\u00a0<\/li>\n<li aria-level=\"1\">de l&rsquo;information sur Sport pur<\/li>\n<\/ul>\n<p><a href=\"https:\/\/www.ringette.ca\/wp-content\/uploads\/2024\/10\/FR-player-equipment.pdf\">Informations sur l&rsquo;\u00e9quipement des athl\u00e8tes<\/a><\/p>\n<p><a href=\"https:\/\/www.ringette.ca\/wp-content\/uploads\/2024\/10\/FR-Goalie-equipment.pdf\">Informations sur l&rsquo;\u00e9quipement des gardien.ne.s de but<\/a><\/p>\n<p><a href=\"https:\/\/www.ringette.ca\/wp-content\/uploads\/2024\/10\/FR-how-to-play.pdf\">Fiche d&rsquo;information sur la ringuette<\/a><\/p>\n\t\t\t\t\t<a href=\"#\" id=\"fl-accordion--label-5\" tabindex=\"0\" aria-controls=\"fl-accordion--panel-5\">L&rsquo;uniformit\u00e9 de la prestation du programme <\/a>\n\t\t\t\t\t\t\t\t\t\t\t<a href=\"#\" id=\"fl-accordion--icon-5\" tabindex=\"-1\"><i>Expand<\/i><\/a>\n\t\t\t\t\t<p>L&rsquo;uniformit\u00e9 de la prestation du programme aidera les athl\u00e8tes et leurs familles \u00e0 savoir \u00e0 quoi s&rsquo;attendre lors d&rsquo;un \u00e9v\u00e9nement \u00ab\u00a0Viens essayer la ringuette\u00a0\u00bb. Cela permettra \u00e0 la ringuette de se distinguer des autres sports et (esp\u00e9rons-le !) d&rsquo;augmenter le nombre d&rsquo;inscriptions !<\/p>\n\n","protected":false},"excerpt":{"rendered":"<p>La marque \u00ab\u00a0Viens essayer la ringuette\u00a0\u00bb se compose d&rsquo;une combinaison de diff\u00e9rents \u00e9l\u00e9ments, dont : &nbsp; Le logo \u00ab Viens essayer la ringuette \u00bb Expand Veuillez vous assurer que le logo figure sur tout le mat\u00e9riel relatif \u00e0 un \u00e9v\u00e9nement \u00ab\u00a0Viens essayer la ringuette\u00a0\u00bb sanctionn\u00e9. Un \u00e9v\u00e9nement n&rsquo;est sanctionn\u00e9 que lorsque votre association provinciale l&rsquo;a&hellip;<\/p>\n","protected":false},"author":7,"featured_media":0,"parent":13596,"menu_order":0,"comment_status":"closed","ping_status":"closed","template":"","meta":{"_acf_changed":false,"inline_featured_image":false,"footnotes":""},"class_list":["post-81684","page","type-page","status-publish","hentry"],"acf":[],"_links":{"self":[{"href":"https:\/\/www.ringette.ca\/fr\/wp-json\/wp\/v2\/pages\/81684","targetHints":{"allow":["GET"]}}],"collection":[{"href":"https:\/\/www.ringette.ca\/fr\/wp-json\/wp\/v2\/pages"}],"about":[{"href":"https:\/\/www.ringette.ca\/fr\/wp-json\/wp\/v2\/types\/page"}],"author":[{"embeddable":true,"href":"https:\/\/www.ringette.ca\/fr\/wp-json\/wp\/v2\/users\/7"}],"replies":[{"embeddable":true,"href":"https:\/\/www.ringette.ca\/fr\/wp-json\/wp\/v2\/comments?post=81684"}],"version-history":[{"count":0,"href":"https:\/\/www.ringette.ca\/fr\/wp-json\/wp\/v2\/pages\/81684\/revisions"}],"up":[{"embeddable":true,"href":"https:\/\/www.ringette.ca\/fr\/wp-json\/wp\/v2\/pages\/13596"}],"wp:attachment":[{"href":"https:\/\/www.ringette.ca\/fr\/wp-json\/wp\/v2\/media?parent=81684"}],"curies":[{"name":"wp","href":"https:\/\/api.w.org\/{rel}","templated":true}]}}