{"id":82901,"date":"2024-11-13T20:37:10","date_gmt":"2024-11-13T20:37:10","guid":{"rendered":"https:\/\/www.ringette.ca\/?page_id=82901"},"modified":"2024-11-13T20:44:40","modified_gmt":"2024-11-13T20:44:40","slug":"ringuette-a-luniversite","status":"publish","type":"page","link":"https:\/\/www.ringette.ca\/fr\/decouvrir\/ringuette-a-luniversite\/","title":{"rendered":"Ringuette \u00e0 l&rsquo;universit\u00e9"},"content":{"rendered":"\n\n\t\t\t\t<img decoding=\"async\" src=\"https:\/\/www.ringette.ca\/wp-content\/uploads\/2024\/11\/CTR-Webpage-Headers-2.jpg\" alt=\"CTR Webpage Headers (2)\" itemprop=\"image\" height=\"1080\" width=\"1920\" title=\"CTR Webpage Headers (2)\" onerror=\"this.style.display='none'\"  \/>\n\n\t<p>Au Canada, plus d&rsquo;une vingtaine d&rsquo;\u00e9tablissements d&rsquo;enseignement postsecondaire ont des \u00e9quipes de ringuette.<\/p>\n<p>La ringuette universitaire offre \u00e0 de nombreuses athl\u00e8tes l&rsquo;occasion unique de continuer \u00e0 pratiquer le sport qu&rsquo;elles aiment au-del\u00e0 de l&rsquo;\u00e2ge de 19 ans et de rester actives pendant leurs ann\u00e9es universitaires. Poursuivez votre lecture pour visiter le site Web de la ringuette universitaire canadienne et obtenir de plus amples renseignements sur les \u00e9quipes et la Coupe D\u00e9fi universitaire.<\/p>\n\t\t\t<a href=\"https:\/\/canadianuniversityringette.ca\/\" target=\"_blank\" rel=\"noopener\">\n\t\t\t\t\t\t\tExplorer la ringuette universitaire canadienne\n\t\t\t\t\t<\/a>\n\t\t\t\t<img decoding=\"async\" src=\"https:\/\/www.ringette.ca\/wp-content\/uploads\/2024\/11\/13.jpg\" alt=\"13\" itemprop=\"image\" height=\"1080\" width=\"1080\" title=\"13\" onerror=\"this.style.display='none'\"  \/>\n\t\t\t\t<img decoding=\"async\" src=\"https:\/\/www.ringette.ca\/wp-content\/uploads\/2024\/11\/14.jpg\" alt=\"14\" itemprop=\"image\" height=\"1080\" width=\"1080\" title=\"14\" onerror=\"this.style.display='none'\"  \/>\n\t\t\t\t<img decoding=\"async\" src=\"https:\/\/www.ringette.ca\/wp-content\/uploads\/2024\/11\/16.jpg\" alt=\"16\" itemprop=\"image\" height=\"1080\" width=\"1080\" title=\"16\" onerror=\"this.style.display='none'\"  \/>\n\t\t\t\t<img decoding=\"async\" src=\"https:\/\/www.ringette.ca\/wp-content\/uploads\/2024\/11\/15.jpg\" alt=\"15\" itemprop=\"image\" height=\"1080\" width=\"1080\" title=\"15\" onerror=\"this.style.display='none'\"  \/>\n\n","protected":false},"excerpt":{"rendered":"<p>Au Canada, plus d&rsquo;une vingtaine d&rsquo;\u00e9tablissements d&rsquo;enseignement postsecondaire ont des \u00e9quipes de ringuette. La ringuette universitaire offre \u00e0 de nombreuses athl\u00e8tes l&rsquo;occasion unique de continuer \u00e0 pratiquer le sport qu&rsquo;elles aiment au-del\u00e0 de l&rsquo;\u00e2ge de 19 ans et de rester actives pendant leurs ann\u00e9es universitaires. Poursuivez votre lecture pour visiter le site Web de la&hellip;<\/p>\n","protected":false},"author":7,"featured_media":0,"parent":13425,"menu_order":0,"comment_status":"closed","ping_status":"closed","template":"","meta":{"_acf_changed":false,"inline_featured_image":false,"footnotes":""},"class_list":["post-82901","page","type-page","status-publish","hentry"],"acf":[],"_links":{"self":[{"href":"https:\/\/www.ringette.ca\/fr\/wp-json\/wp\/v2\/pages\/82901","targetHints":{"allow":["GET"]}}],"collection":[{"href":"https:\/\/www.ringette.ca\/fr\/wp-json\/wp\/v2\/pages"}],"about":[{"href":"https:\/\/www.ringette.ca\/fr\/wp-json\/wp\/v2\/types\/page"}],"author":[{"embeddable":true,"href":"https:\/\/www.ringette.ca\/fr\/wp-json\/wp\/v2\/users\/7"}],"replies":[{"embeddable":true,"href":"https:\/\/www.ringette.ca\/fr\/wp-json\/wp\/v2\/comments?post=82901"}],"version-history":[{"count":0,"href":"https:\/\/www.ringette.ca\/fr\/wp-json\/wp\/v2\/pages\/82901\/revisions"}],"up":[{"embeddable":true,"href":"https:\/\/www.ringette.ca\/fr\/wp-json\/wp\/v2\/pages\/13425"}],"wp:attachment":[{"href":"https:\/\/www.ringette.ca\/fr\/wp-json\/wp\/v2\/media?parent=82901"}],"curies":[{"name":"wp","href":"https:\/\/api.w.org\/{rel}","templated":true}]}}